{"id":3293,"date":"2024-11-25T18:44:20","date_gmt":"2024-11-25T16:44:20","guid":{"rendered":"https:\/\/hofab-web.hj.se\/?page_id=3293"},"modified":"2024-12-10T16:33:01","modified_gmt":"2024-12-10T14:33:01","slug":"campus-granna","status":"publish","type":"page","link":"https:\/\/hofab.se\/en\/byggnader\/campus-granna\/","title":{"rendered":"Campus Gr\u00e4nna"},"content":{"rendered":"\t\t<div data-elementor-type=\"wp-page\" data-elementor-id=\"3293\" class=\"elementor elementor-3293\" data-elementor-post-type=\"page\">\n\t\t\t\t<div class=\"elementor-element elementor-element-dfc8b34 e-flex e-con-boxed parallax_section_no qode_elementor_container_no e-con e-parent\" data-id=\"dfc8b34\" data-element_type=\"container\" data-e-type=\"container\" data-settings=\"{&quot;background_background&quot;:&quot;classic&quot;}\">\n\t\t\t\t\t<div class=\"e-con-inner\">\n\t\t\t\t<div class=\"elementor-element elementor-element-3ddb026 elementor-widget elementor-widget-spacer\" data-id=\"3ddb026\" data-element_type=\"widget\" data-e-type=\"widget\" data-widget_type=\"spacer.default\">\n\t\t\t\t<div class=\"elementor-widget-container\">\n\t\t\t\t\t\t\t<div class=\"elementor-spacer\">\n\t\t\t<div class=\"elementor-spacer-inner\"><\/div>\n\t\t<\/div>\n\t\t\t\t\t\t<\/div>\n\t\t\t\t<\/div>\n\t\t\t\t<div class=\"elementor-element elementor-element-9fe978f elementor-widget elementor-widget-heading\" data-id=\"9fe978f\" data-element_type=\"widget\" data-e-type=\"widget\" data-widget_type=\"heading.default\">\n\t\t\t\t<div class=\"elementor-widget-container\">\n\t\t\t\t\t<h3 class=\"elementor-heading-title elementor-size-default\">Campus Gr\u00e4nna<\/h3>\t\t\t\t<\/div>\n\t\t\t\t<\/div>\n\t\t\t\t<div class=\"elementor-element elementor-element-e539628 elementor-widget elementor-widget-bridge_button_v2\" data-id=\"e539628\" data-element_type=\"widget\" data-e-type=\"widget\" data-widget_type=\"bridge_button_v2.default\">\n\t\t\t\t<div class=\"elementor-widget-container\">\n\t\t\t\t\t\n\n\t<a href=\"https:\/\/ju.view360.se\/tour#granna\" target=\"_self\" style=\"color: #666666;background-color: #FFFFFF;font-weight: 600\" class=\"qode-btn qode-btn-medium qode-btn-solid qode-btn-icon qode-btn-icon-rotate\"  >\n\t    <span class=\"qode-btn-text\">360\u00b0 RUNDVANDRING<\/span><span class=\"qode-button-v2-icon-holder\"  ><span aria-hidden=\"true\" class=\"qode-icon-kiko kikol kiko-expand qode-button-v2-icon-holder-inner\" ><\/span><\/span>\t<\/a>\n\n\t\t\t\t<\/div>\n\t\t\t\t<\/div>\n\t\t\t\t<div class=\"elementor-element elementor-element-acd7f3a elementor-widget elementor-widget-spacer\" data-id=\"acd7f3a\" data-element_type=\"widget\" data-e-type=\"widget\" data-widget_type=\"spacer.default\">\n\t\t\t\t<div class=\"elementor-widget-container\">\n\t\t\t\t\t\t\t<div class=\"elementor-spacer\">\n\t\t\t<div class=\"elementor-spacer-inner\"><\/div>\n\t\t<\/div>\n\t\t\t\t\t\t<\/div>\n\t\t\t\t<\/div>\n\t\t\t\t\t<\/div>\n\t\t\t\t<\/div>\n\t\t<div class=\"elementor-element elementor-element-5021aff4 e-flex e-con-boxed parallax_section_no qode_elementor_container_no e-con e-parent\" data-id=\"5021aff4\" data-element_type=\"container\" data-e-type=\"container\">\n\t\t\t\t\t<div class=\"e-con-inner\">\n\t\t<div class=\"elementor-element elementor-element-50c7fcdc e-con-full e-flex parallax_section_no qode_elementor_container_no e-con e-child\" data-id=\"50c7fcdc\" data-element_type=\"container\" data-e-type=\"container\">\n\t\t\t\t<div class=\"elementor-element elementor-element-174ef6fb elementor-widget elementor-widget-heading\" data-id=\"174ef6fb\" data-element_type=\"widget\" data-e-type=\"widget\" data-widget_type=\"heading.default\">\n\t\t\t\t<div class=\"elementor-widget-container\">\n\t\t\t\t\t<h2 class=\"elementor-heading-title elementor-size-default\">Campus Gr\u00e4nna<\/h2>\t\t\t\t<\/div>\n\t\t\t\t<\/div>\n\t\t\t\t<div class=\"elementor-element elementor-element-3c4a5a6b elementor-widget elementor-widget-text-editor\" data-id=\"3c4a5a6b\" data-element_type=\"widget\" data-e-type=\"widget\" data-widget_type=\"text-editor.default\">\n\t\t\t\t<div class=\"elementor-widget-container\">\n\t\t\t\t\t\t\t\t\t<p>Campus Gr\u00e4nna AB \u00e4ger och f\u00f6rvaltar de fastigheter som J\u00f6nk\u00f6ping University bedriver sin verksamhet i. I v\u00e5ra byggnader bedrivs utbildning och administration samt att vi har restaurang och bost\u00e4der till studenterna. Flera av husen har stort kulturhistoriskt v\u00e4rde.<\/p><p>\u00a0<\/p><p>JUE erbjuder Pathway Programmes f\u00f6r internationella studenter som beh\u00f6ver f\u00f6rdjupa sina kunskaper i spr\u00e5k, matematik och\/eller naturkunskap f\u00f6r att bli beh\u00f6riga till h\u00f6gre studier. M\u00e5let med Pathway Programmes \u00e4r ocks\u00e5 att f\u00f6rbereda studenterna f\u00f6r ett liv i Sverige och h\u00f6gre studier p\u00e5 svenskt universitet eller h\u00f6gskola.<\/p><p>Programmen som ges f\u00f6r Pathway-studenter inneh\u00e5ller horisontella m\u00e5l som utvecklar bl.a. interkulturell f\u00f6rst\u00e5else, livsl\u00e5ngt l\u00e4rande, f\u00f6rst\u00e5else f\u00f6r h\u00e5llbarhetsfr\u00e5gor genom Agenda 2030 mm.<\/p>\t\t\t\t\t\t\t\t<\/div>\n\t\t\t\t<\/div>\n\t\t\t\t<div class=\"elementor-element elementor-element-5ed0ec83 elementor-widget elementor-widget-spacer\" data-id=\"5ed0ec83\" data-element_type=\"widget\" data-e-type=\"widget\" data-widget_type=\"spacer.default\">\n\t\t\t\t<div class=\"elementor-widget-container\">\n\t\t\t\t\t\t\t<div class=\"elementor-spacer\">\n\t\t\t<div class=\"elementor-spacer-inner\"><\/div>\n\t\t<\/div>\n\t\t\t\t\t\t<\/div>\n\t\t\t\t<\/div>\n\t\t\t\t<div class=\"elementor-element elementor-element-620439e5 elementor-widget elementor-widget-heading\" data-id=\"620439e5\" data-element_type=\"widget\" data-e-type=\"widget\" data-widget_type=\"heading.default\">\n\t\t\t\t<div class=\"elementor-widget-container\">\n\t\t\t\t\t<h4 class=\"elementor-heading-title elementor-size-default\">Verksamhet<\/h4>\t\t\t\t<\/div>\n\t\t\t\t<\/div>\n\t\t\t\t<div class=\"elementor-element elementor-element-17a27262 elementor-icon-list--layout-traditional elementor-list-item-link-full_width elementor-widget elementor-widget-icon-list\" data-id=\"17a27262\" data-element_type=\"widget\" data-e-type=\"widget\" data-widget_type=\"icon-list.default\">\n\t\t\t\t<div class=\"elementor-widget-container\">\n\t\t\t\t\t\t\t<ul class=\"elementor-icon-list-items\">\n\t\t\t\t\t\t\t<li class=\"elementor-icon-list-item\">\n\t\t\t\t\t\t\t\t\t\t\t<span class=\"elementor-icon-list-icon\">\n\t\t\t\t\t\t\t<svg aria-hidden=\"true\" class=\"e-font-icon-svg e-fas-check\" viewBox=\"0 0 512 512\" xmlns=\"http:\/\/www.w3.org\/2000\/svg\"><path d=\"M173.898 439.404l-166.4-166.4c-9.997-9.997-9.997-26.206 0-36.204l36.203-36.204c9.997-9.998 26.207-9.998 36.204 0L192 312.69 432.095 72.596c9.997-9.997 26.207-9.997 36.204 0l36.203 36.204c9.997 9.997 9.997 26.206 0 36.204l-294.4 294.401c-9.998 9.997-26.207 9.997-36.204-.001z\"><\/path><\/svg>\t\t\t\t\t\t<\/span>\n\t\t\t\t\t\t\t\t\t\t<span class=\"elementor-icon-list-text\">Utbildningslokaler, konferensanl\u00e4ggning, restaurang, gym, studentboende<\/span>\n\t\t\t\t\t\t\t\t\t<\/li>\n\t\t\t\t\t\t<\/ul>\n\t\t\t\t\t\t<\/div>\n\t\t\t\t<\/div>\n\t\t\t\t<div class=\"elementor-element elementor-element-19c1dd08 elementor-widget elementor-widget-spacer\" data-id=\"19c1dd08\" data-element_type=\"widget\" data-e-type=\"widget\" data-widget_type=\"spacer.default\">\n\t\t\t\t<div class=\"elementor-widget-container\">\n\t\t\t\t\t\t\t<div class=\"elementor-spacer\">\n\t\t\t<div class=\"elementor-spacer-inner\"><\/div>\n\t\t<\/div>\n\t\t\t\t\t\t<\/div>\n\t\t\t\t<\/div>\n\t\t\t\t<div class=\"elementor-element elementor-element-9d4b61c elementor-widget elementor-widget-bridge_button_v2\" data-id=\"9d4b61c\" data-element_type=\"widget\" data-e-type=\"widget\" data-widget_type=\"bridge_button_v2.default\">\n\t\t\t\t<div class=\"elementor-widget-container\">\n\t\t\t\t\t\n\n\t<a href=\"https:\/\/www.campusgranna.se\/\" target=\"_self\" style=\"color: #FFFFFF;background-color: #84C5AE;font-size: 12px;font-weight: 700;text-transform: uppercase;letter-spacing: 1px\" class=\"qode-btn qode-btn-medium qode-btn-solid qode-btn-icon qode-btn-with-shadow qode-btn-shadow-hover\"  >\n\t    <span class=\"qode-btn-text\">Bes\u00f6k Campusgr\u00e4nna.se f\u00f6r mer info<\/span><span class=\"qode-button-v2-icon-holder\"  ><i class=\"qode_icon_font_awesome_5 fa5 fa fa-location-dot qode-button-v2-icon-holder-inner\" ><\/i><\/span>\t<\/a>\n\n\t\t\t\t<\/div>\n\t\t\t\t<\/div>\n\t\t\t\t<div class=\"elementor-element elementor-element-56a44582 elementor-widget elementor-widget-bridge_specification_list\" data-id=\"56a44582\" data-element_type=\"widget\" data-e-type=\"widget\" data-widget_type=\"bridge_specification_list.default\">\n\t\t\t\t<div class=\"elementor-widget-container\">\n\t\t\t\t\t<div class=\"qode-specification-list\">\n\t\t<div class=\"qode-specification-list-text-holder\">\n\t\t<h4 class=\"qode-specification-list-title\">\n\t\t\tFakta\t\t<\/h4>\n\t\t<div class=\"qode-specification-list-items\">\n\t\t\t\t\t\t\t<div class=\"qode-specification-list-item\">\n\t\t\t\t\t<span class=\"qode-specification-list-item-label\">\n\t\t\t\t\t\tByggnads\u00e5r\t\t\t\t\t<\/span>\n\t\t\t\t\t<span class=\"qode-specification-list-item-value\">\n\t\t\t\t\t\tFr\u00e5n 1850\t\t\t\t\t<\/span>\n\t\t\t\t<\/div>\n\t\t\t\t\t\t\t<div class=\"qode-specification-list-item\">\n\t\t\t\t\t<span class=\"qode-specification-list-item-label\">\n\t\t\t\t\t\tBTA\t\t\t\t\t<\/span>\n\t\t\t\t\t<span class=\"qode-specification-list-item-value\">\n\t\t\t\t\t\t6250 m2\t\t\t\t\t<\/span>\n\t\t\t\t<\/div>\n\t\t\t\t\t\t\t<div class=\"qode-specification-list-item\">\n\t\t\t\t\t<span class=\"qode-specification-list-item-label\">\n\t\t\t\t\t\tBes\u00f6ksadress\t\t\t\t\t<\/span>\n\t\t\t\t\t<span class=\"qode-specification-list-item-value\">\n\t\t\t\t\t\tBergsgatan 38, 563 32 Gr\u00e4nna\t\t\t\t\t<\/span>\n\t\t\t\t<\/div>\n\t\t\t\t\t\t\t<div class=\"qode-specification-list-item\">\n\t\t\t\t\t<span class=\"qode-specification-list-item-label\">\n\t\t\t\t\t\tTelefon\t\t\t\t\t<\/span>\n\t\t\t\t\t<span class=\"qode-specification-list-item-value\">\n\t\t\t\t\t\t073-2015058\t\t\t\t\t<\/span>\n\t\t\t\t<\/div>\n\t\t\t\t\t<\/div>\n\t<\/div>\n\t<\/div>\t\t\t\t<\/div>\n\t\t\t\t<\/div>\n\t\t\t\t<div class=\"elementor-element elementor-element-5c1700ce elementor-widget elementor-widget-google_maps\" data-id=\"5c1700ce\" data-element_type=\"widget\" data-e-type=\"widget\" data-widget_type=\"google_maps.default\">\n\t\t\t\t<div class=\"elementor-widget-container\">\n\t\t\t\t\t\t\t<div class=\"elementor-custom-embed\">\n\t\t\t<iframe loading=\"lazy\"\n\t\t\t\t\tdata-src=\"https:\/\/maps.google.com\/maps?q=Mariedal%20-%20konferensanl%C3%A4ggning&#038;t=m&#038;z=15&#038;output=embed&#038;iwloc=near\"\n\t\t\t\t\ttitle=\"Mariedal - konferensanl\u00e4ggning\"\n\t\t\t\t\taria-label=\"Mariedal - konferensanl\u00e4ggning\"\n\t\t\t src=\"data:image\/gif;base64,R0lGODlhAQABAAAAACH5BAEKAAEALAAAAAABAAEAAAICTAEAOw==\" class=\"lazyload\" data-load-mode=\"1\"><\/iframe>\n\t\t<\/div>\n\t\t\t\t\t\t<\/div>\n\t\t\t\t<\/div>\n\t\t\t\t<\/div>\n\t\t<div class=\"elementor-element elementor-element-2eecfc24 e-con-full e-flex parallax_section_no qode_elementor_container_no e-con e-child\" data-id=\"2eecfc24\" data-element_type=\"container\" data-e-type=\"container\">\n\t\t\t\t<div class=\"elementor-element elementor-element-737861dc elementor-widget elementor-widget-image\" data-id=\"737861dc\" data-element_type=\"widget\" data-e-type=\"widget\" data-widget_type=\"image.default\">\n\t\t\t\t<div class=\"elementor-widget-container\">\n\t\t\t\t\t\t\t\t\t\t\t\t\t\t\t\t<a href=\"https:\/\/hofab.se\/wp-content\/uploads\/2020\/04\/Campus_granna-scaled-1.jpg\" data-elementor-open-lightbox=\"yes\" data-elementor-lightbox-title=\"Campus_granna\" data-e-action-hash=\"#elementor-action%3Aaction%3Dlightbox%26settings%3DeyJpZCI6NjQ1LCJ1cmwiOiJodHRwczpcL1wvaG9mYWIuc2VcL3dwLWNvbnRlbnRcL3VwbG9hZHNcLzIwMjBcLzA0XC9DYW1wdXNfZ3Jhbm5hLXNjYWxlZC0xLmpwZyJ9\">\n\t\t\t\t\t\t\t<img fetchpriority=\"high\" decoding=\"async\" width=\"768\" height=\"1024\" src=\"https:\/\/hofab.se\/wp-content\/uploads\/2020\/04\/Campus_granna-scaled-1-768x1024.jpg\" class=\"attachment-large size-large wp-image-645\" alt=\"Campus Gr\u00e4nna\" srcset=\"https:\/\/hofab.se\/wp-content\/uploads\/2020\/04\/Campus_granna-scaled-1-768x1024.jpg 768w, https:\/\/hofab.se\/wp-content\/uploads\/2020\/04\/Campus_granna-scaled-1-225x300.jpg 225w, https:\/\/hofab.se\/wp-content\/uploads\/2020\/04\/Campus_granna-scaled-1-1152x1536.jpg 1152w, https:\/\/hofab.se\/wp-content\/uploads\/2020\/04\/Campus_granna-scaled-1-1536x2048.jpg 1536w, https:\/\/hofab.se\/wp-content\/uploads\/2020\/04\/Campus_granna-scaled-1-9x12.jpg 9w, https:\/\/hofab.se\/wp-content\/uploads\/2020\/04\/Campus_granna-scaled-1-600x800.jpg 600w, https:\/\/hofab.se\/wp-content\/uploads\/2020\/04\/Campus_granna-scaled-1-700x933.jpg 700w, https:\/\/hofab.se\/wp-content\/uploads\/2020\/04\/Campus_granna-scaled-1.jpg 1920w\" sizes=\"(max-width: 768px) 100vw, 768px\" \/>\t\t\t\t\t\t\t\t<\/a>\n\t\t\t\t\t\t\t\t\t\t\t\t\t\t\t<\/div>\n\t\t\t\t<\/div>\n\t\t\t\t<div class=\"elementor-element elementor-element-1f22acbc elementor-widget elementor-widget-bridge_advanced_image_gallery\" data-id=\"1f22acbc\" data-element_type=\"widget\" data-e-type=\"widget\" data-widget_type=\"bridge_advanced_image_gallery.default\">\n\t\t\t\t<div class=\"elementor-widget-container\">\n\t\t\t\t\t<div class=\"qode-advanced-image-gallery  qode-aig-masonry-type qode-tiny-space  qode-image-behavior-lightbox qode-aig-images-fixed\">\n\t<div class=\"qode-aig-inner qode-outer-space qode-aig-masonry qode-aig-three-columns\">\n\t\t<div class=\"qode-aig-grid-sizer\"><\/div>\n\t\t<div class=\"qode-aig-grid-gutter\"><\/div>\n\t\t\t\t\t\t\t\t<div class=\"qode-aig-image qode-item-space qode-aig-default-masonry-item\">\n\t\t\t\t<div class=\"qode-aig-image-inner\">\n\t\t\t\t\t\t\t\t\t\t\t<a itemprop=\"image\" class=\"qode-aig-lightbox\" href=\"https:\/\/hofab.se\/wp-content\/smush-webp\/2024\/11\/Skolan-spring-1-scaled.jpg.webp\" data-rel=\"prettyPhoto[image_gallery_pretty_photo-866]\" title=\"Skolan spring 1\">\n\t\t\t\t\t\t\t\t\t\t\t\t\t<img decoding=\"async\" data-src=\"https:\/\/hofab.se\/wp-content\/uploads\/2024\/11\/Skolan-spring-1-scaled-200x200.jpg\" alt=\"\" width=\"200\" height=\"200\" src=\"data:image\/gif;base64,R0lGODlhAQABAAAAACH5BAEKAAEALAAAAAABAAEAAAICTAEAOw==\" class=\"lazyload\" style=\"--smush-placeholder-width: 200px; --smush-placeholder-aspect-ratio: 200\/200;\" \/><noscript><img decoding=\"async\" src=\"https:\/\/hofab.se\/wp-content\/uploads\/2024\/11\/Skolan-spring-1-scaled-200x200.jpg\" alt=\"\" width=\"200\" height=\"200\" \/><\/noscript>\t\t\t\t\t\t<span class=\"aig-gallery-hover\">\n\t\t\t\t\t\t\t\t\t\t\t\t\t<\/span>\n\t\t\t\t\t\t\t\t\t\t\t<\/a>\n\t\t\t\t\t\t\t\t\t<\/div>\n\t\t\t<\/div>\n\t\t\t\t\t\t\t\t\t\t\t<div class=\"qode-aig-image qode-item-space qode-aig-default-masonry-item\">\n\t\t\t\t<div class=\"qode-aig-image-inner\">\n\t\t\t\t\t\t\t\t\t\t\t<a itemprop=\"image\" class=\"qode-aig-lightbox\" href=\"https:\/\/hofab.se\/wp-content\/uploads\/2024\/11\/cg_ow.jpg\" data-rel=\"prettyPhoto[image_gallery_pretty_photo-866]\" title=\"cg_ow\">\n\t\t\t\t\t\t\t\t\t\t\t\t\t<img decoding=\"async\" data-src=\"https:\/\/hofab.se\/wp-content\/uploads\/2024\/11\/cg_ow-200x200.jpg\" alt=\"\" width=\"200\" height=\"200\" src=\"data:image\/gif;base64,R0lGODlhAQABAAAAACH5BAEKAAEALAAAAAABAAEAAAICTAEAOw==\" class=\"lazyload\" style=\"--smush-placeholder-width: 200px; --smush-placeholder-aspect-ratio: 200\/200;\" \/><noscript><img decoding=\"async\" src=\"https:\/\/hofab.se\/wp-content\/uploads\/2024\/11\/cg_ow-200x200.jpg\" alt=\"\" width=\"200\" height=\"200\" \/><\/noscript>\t\t\t\t\t\t<span class=\"aig-gallery-hover\">\n\t\t\t\t\t\t\t\t\t\t\t\t\t<\/span>\n\t\t\t\t\t\t\t\t\t\t\t<\/a>\n\t\t\t\t\t\t\t\t\t<\/div>\n\t\t\t<\/div>\n\t\t\t\t\t\t\t\t\t\t\t<div class=\"qode-aig-image qode-item-space qode-aig-default-masonry-item\">\n\t\t\t\t<div class=\"qode-aig-image-inner\">\n\t\t\t\t\t\t\t\t\t\t\t<a itemprop=\"image\" class=\"qode-aig-lightbox\" href=\"https:\/\/hofab.se\/wp-content\/uploads\/2024\/12\/Restaurangen-2-50.jpg\" data-rel=\"prettyPhoto[image_gallery_pretty_photo-866]\" title=\"Restaurangen 2 50\">\n\t\t\t\t\t\t\t\t\t\t\t\t\t<img loading=\"lazy\" decoding=\"async\" data-src=\"https:\/\/hofab.se\/wp-content\/uploads\/2024\/12\/Restaurangen-2-50-200x200.jpg\" alt=\"\" width=\"200\" height=\"200\" src=\"data:image\/gif;base64,R0lGODlhAQABAAAAACH5BAEKAAEALAAAAAABAAEAAAICTAEAOw==\" class=\"lazyload\" style=\"--smush-placeholder-width: 200px; --smush-placeholder-aspect-ratio: 200\/200;\" \/><noscript><img loading=\"lazy\" decoding=\"async\" src=\"https:\/\/hofab.se\/wp-content\/uploads\/2024\/12\/Restaurangen-2-50-200x200.jpg\" alt=\"\" width=\"200\" height=\"200\" \/><\/noscript>\t\t\t\t\t\t<span class=\"aig-gallery-hover\">\n\t\t\t\t\t\t\t\t\t\t\t\t\t<\/span>\n\t\t\t\t\t\t\t\t\t\t\t<\/a>\n\t\t\t\t\t\t\t\t\t<\/div>\n\t\t\t<\/div>\n\t\t\t\t\t\t\t\t\t\t\t<div class=\"qode-aig-image qode-item-space qode-aig-default-masonry-item\">\n\t\t\t\t<div class=\"qode-aig-image-inner\">\n\t\t\t\t\t\t\t\t\t\t\t<a itemprop=\"image\" class=\"qode-aig-lightbox\" href=\"https:\/\/hofab.se\/wp-content\/uploads\/2024\/11\/cg_ow11.jpg\" data-rel=\"prettyPhoto[image_gallery_pretty_photo-866]\" title=\"cg_ow11\">\n\t\t\t\t\t\t\t\t\t\t\t\t\t<img loading=\"lazy\" decoding=\"async\" data-src=\"https:\/\/hofab.se\/wp-content\/uploads\/2024\/11\/cg_ow11-200x200.jpg\" alt=\"\" width=\"200\" height=\"200\" src=\"data:image\/gif;base64,R0lGODlhAQABAAAAACH5BAEKAAEALAAAAAABAAEAAAICTAEAOw==\" class=\"lazyload\" style=\"--smush-placeholder-width: 200px; --smush-placeholder-aspect-ratio: 200\/200;\" \/><noscript><img loading=\"lazy\" decoding=\"async\" src=\"https:\/\/hofab.se\/wp-content\/uploads\/2024\/11\/cg_ow11-200x200.jpg\" alt=\"\" width=\"200\" height=\"200\" \/><\/noscript>\t\t\t\t\t\t<span class=\"aig-gallery-hover\">\n\t\t\t\t\t\t\t\t\t\t\t\t\t<\/span>\n\t\t\t\t\t\t\t\t\t\t\t<\/a>\n\t\t\t\t\t\t\t\t\t<\/div>\n\t\t\t<\/div>\n\t\t\t\t\t\t\t\t\t\t\t<div class=\"qode-aig-image qode-item-space qode-aig-default-masonry-item\">\n\t\t\t\t<div class=\"qode-aig-image-inner\">\n\t\t\t\t\t\t\t\t\t\t\t<a itemprop=\"image\" class=\"qode-aig-lightbox\" href=\"https:\/\/hofab.se\/wp-content\/uploads\/2024\/11\/cg_ow110.jpg\" data-rel=\"prettyPhoto[image_gallery_pretty_photo-866]\" title=\"cg_ow110\">\n\t\t\t\t\t\t\t\t\t\t\t\t\t<img loading=\"lazy\" decoding=\"async\" data-src=\"https:\/\/hofab.se\/wp-content\/uploads\/2024\/11\/cg_ow110-200x200.jpg\" alt=\"\" width=\"200\" height=\"200\" src=\"data:image\/gif;base64,R0lGODlhAQABAAAAACH5BAEKAAEALAAAAAABAAEAAAICTAEAOw==\" class=\"lazyload\" style=\"--smush-placeholder-width: 200px; --smush-placeholder-aspect-ratio: 200\/200;\" \/><noscript><img loading=\"lazy\" decoding=\"async\" src=\"https:\/\/hofab.se\/wp-content\/uploads\/2024\/11\/cg_ow110-200x200.jpg\" alt=\"\" width=\"200\" height=\"200\" \/><\/noscript>\t\t\t\t\t\t<span class=\"aig-gallery-hover\">\n\t\t\t\t\t\t\t\t\t\t\t\t\t<\/span>\n\t\t\t\t\t\t\t\t\t\t\t<\/a>\n\t\t\t\t\t\t\t\t\t<\/div>\n\t\t\t<\/div>\n\t\t\t\t\t\t\t\t\t\t\t<div class=\"qode-aig-image qode-item-space qode-aig-default-masonry-item\">\n\t\t\t\t<div class=\"qode-aig-image-inner\">\n\t\t\t\t\t\t\t\t\t\t\t<a itemprop=\"image\" class=\"qode-aig-lightbox\" href=\"https:\/\/hofab.se\/wp-content\/uploads\/2024\/11\/cg_ow112.jpg\" data-rel=\"prettyPhoto[image_gallery_pretty_photo-866]\" title=\"cg_ow112\">\n\t\t\t\t\t\t\t\t\t\t\t\t\t<img loading=\"lazy\" decoding=\"async\" data-src=\"https:\/\/hofab.se\/wp-content\/uploads\/2024\/11\/cg_ow112-200x200.jpg\" alt=\"\" width=\"200\" height=\"200\" src=\"data:image\/gif;base64,R0lGODlhAQABAAAAACH5BAEKAAEALAAAAAABAAEAAAICTAEAOw==\" class=\"lazyload\" style=\"--smush-placeholder-width: 200px; --smush-placeholder-aspect-ratio: 200\/200;\" \/><noscript><img loading=\"lazy\" decoding=\"async\" src=\"https:\/\/hofab.se\/wp-content\/uploads\/2024\/11\/cg_ow112-200x200.jpg\" alt=\"\" width=\"200\" height=\"200\" \/><\/noscript>\t\t\t\t\t\t<span class=\"aig-gallery-hover\">\n\t\t\t\t\t\t\t\t\t\t\t\t\t<\/span>\n\t\t\t\t\t\t\t\t\t\t\t<\/a>\n\t\t\t\t\t\t\t\t\t<\/div>\n\t\t\t<\/div>\n\t\t\t\t\t\t\t\t\t\t\t<div class=\"qode-aig-image qode-item-space qode-aig-default-masonry-item\">\n\t\t\t\t<div class=\"qode-aig-image-inner\">\n\t\t\t\t\t\t\t\t\t\t\t<a itemprop=\"image\" class=\"qode-aig-lightbox\" href=\"https:\/\/hofab.se\/wp-content\/uploads\/2024\/11\/cg_ow1121.jpg\" data-rel=\"prettyPhoto[image_gallery_pretty_photo-866]\" title=\"cg_ow1121\">\n\t\t\t\t\t\t\t\t\t\t\t\t\t<img loading=\"lazy\" decoding=\"async\" data-src=\"https:\/\/hofab.se\/wp-content\/uploads\/2024\/11\/cg_ow1121-200x200.jpg\" alt=\"\" width=\"200\" height=\"200\" src=\"data:image\/gif;base64,R0lGODlhAQABAAAAACH5BAEKAAEALAAAAAABAAEAAAICTAEAOw==\" class=\"lazyload\" style=\"--smush-placeholder-width: 200px; --smush-placeholder-aspect-ratio: 200\/200;\" \/><noscript><img loading=\"lazy\" decoding=\"async\" src=\"https:\/\/hofab.se\/wp-content\/uploads\/2024\/11\/cg_ow1121-200x200.jpg\" alt=\"\" width=\"200\" height=\"200\" \/><\/noscript>\t\t\t\t\t\t<span class=\"aig-gallery-hover\">\n\t\t\t\t\t\t\t\t\t\t\t\t\t<\/span>\n\t\t\t\t\t\t\t\t\t\t\t<\/a>\n\t\t\t\t\t\t\t\t\t<\/div>\n\t\t\t<\/div>\n\t\t\t\t\t\t\t\t\t\t\t<div class=\"qode-aig-image qode-item-space qode-aig-default-masonry-item\">\n\t\t\t\t<div class=\"qode-aig-image-inner\">\n\t\t\t\t\t\t\t\t\t\t\t<a itemprop=\"image\" class=\"qode-aig-lightbox\" href=\"https:\/\/hofab.se\/wp-content\/uploads\/2024\/11\/cg_ow11211.jpg\" data-rel=\"prettyPhoto[image_gallery_pretty_photo-866]\" title=\"cg_ow11211\">\n\t\t\t\t\t\t\t\t\t\t\t\t\t<img loading=\"lazy\" decoding=\"async\" data-src=\"https:\/\/hofab.se\/wp-content\/uploads\/2024\/11\/cg_ow11211-200x200.jpg\" alt=\"\" width=\"200\" height=\"200\" src=\"data:image\/gif;base64,R0lGODlhAQABAAAAACH5BAEKAAEALAAAAAABAAEAAAICTAEAOw==\" class=\"lazyload\" style=\"--smush-placeholder-width: 200px; --smush-placeholder-aspect-ratio: 200\/200;\" \/><noscript><img loading=\"lazy\" decoding=\"async\" src=\"https:\/\/hofab.se\/wp-content\/uploads\/2024\/11\/cg_ow11211-200x200.jpg\" alt=\"\" width=\"200\" height=\"200\" \/><\/noscript>\t\t\t\t\t\t<span class=\"aig-gallery-hover\">\n\t\t\t\t\t\t\t\t\t\t\t\t\t<\/span>\n\t\t\t\t\t\t\t\t\t\t\t<\/a>\n\t\t\t\t\t\t\t\t\t<\/div>\n\t\t\t<\/div>\n\t\t\t\t\t\t\t\t\t\t\t<div class=\"qode-aig-image qode-item-space qode-aig-default-masonry-item\">\n\t\t\t\t<div class=\"qode-aig-image-inner\">\n\t\t\t\t\t\t\t\t\t\t\t<a itemprop=\"image\" class=\"qode-aig-lightbox\" href=\"https:\/\/hofab.se\/wp-content\/uploads\/2024\/11\/cg_ow1.jpg\" data-rel=\"prettyPhoto[image_gallery_pretty_photo-866]\" title=\"cg_ow1\">\n\t\t\t\t\t\t\t\t\t\t\t\t\t<img loading=\"lazy\" decoding=\"async\" data-src=\"https:\/\/hofab.se\/wp-content\/uploads\/2024\/11\/cg_ow1-200x200.jpg\" alt=\"\" width=\"200\" height=\"200\" src=\"data:image\/gif;base64,R0lGODlhAQABAAAAACH5BAEKAAEALAAAAAABAAEAAAICTAEAOw==\" class=\"lazyload\" style=\"--smush-placeholder-width: 200px; --smush-placeholder-aspect-ratio: 200\/200;\" \/><noscript><img loading=\"lazy\" decoding=\"async\" src=\"https:\/\/hofab.se\/wp-content\/uploads\/2024\/11\/cg_ow1-200x200.jpg\" alt=\"\" width=\"200\" height=\"200\" \/><\/noscript>\t\t\t\t\t\t<span class=\"aig-gallery-hover\">\n\t\t\t\t\t\t\t\t\t\t\t\t\t<\/span>\n\t\t\t\t\t\t\t\t\t\t\t<\/a>\n\t\t\t\t\t\t\t\t\t<\/div>\n\t\t\t<\/div>\n\t\t\t\t\t\t\t\t\t\t\t<div class=\"qode-aig-image qode-item-space qode-aig-default-masonry-item\">\n\t\t\t\t<div class=\"qode-aig-image-inner\">\n\t\t\t\t\t\t\t\t\t\t\t<a itemprop=\"image\" class=\"qode-aig-lightbox\" href=\"https:\/\/hofab.se\/wp-content\/uploads\/2024\/11\/campus1.jpg\" data-rel=\"prettyPhoto[image_gallery_pretty_photo-866]\" title=\"campus1\">\n\t\t\t\t\t\t\t\t\t\t\t\t\t<img loading=\"lazy\" decoding=\"async\" data-src=\"https:\/\/hofab.se\/wp-content\/uploads\/2024\/11\/campus1-200x200.jpg\" alt=\"\" width=\"200\" height=\"200\" src=\"data:image\/gif;base64,R0lGODlhAQABAAAAACH5BAEKAAEALAAAAAABAAEAAAICTAEAOw==\" class=\"lazyload\" style=\"--smush-placeholder-width: 200px; --smush-placeholder-aspect-ratio: 200\/200;\" \/><noscript><img loading=\"lazy\" decoding=\"async\" src=\"https:\/\/hofab.se\/wp-content\/uploads\/2024\/11\/campus1-200x200.jpg\" alt=\"\" width=\"200\" height=\"200\" \/><\/noscript>\t\t\t\t\t\t<span class=\"aig-gallery-hover\">\n\t\t\t\t\t\t\t\t\t\t\t\t\t<\/span>\n\t\t\t\t\t\t\t\t\t\t\t<\/a>\n\t\t\t\t\t\t\t\t\t<\/div>\n\t\t\t<\/div>\n\t\t\t\t\t\t<\/div>\n<\/div>\t\t\t\t<\/div>\n\t\t\t\t<\/div>\n\t\t\t\t<\/div>\n\t\t\t\t\t<\/div>\n\t\t\t\t<\/div>\n\t\t\t\t<\/div>\n\t\t","protected":false},"excerpt":{"rendered":"<p>Campus Gr\u00e4nna 360\u00b0 RUNDVANDRING Campus&#8230;<\/p>","protected":false},"author":1,"featured_media":0,"parent":1742,"menu_order":0,"comment_status":"closed","ping_status":"closed","template":"elementor_header_footer","meta":{"footnotes":""},"class_list":["post-3293","page","type-page","status-publish","hentry"],"_links":{"self":[{"href":"https:\/\/hofab.se\/en\/wp-json\/wp\/v2\/pages\/3293","targetHints":{"allow":["GET"]}}],"collection":[{"href":"https:\/\/hofab.se\/en\/wp-json\/wp\/v2\/pages"}],"about":[{"href":"https:\/\/hofab.se\/en\/wp-json\/wp\/v2\/types\/page"}],"author":[{"embeddable":true,"href":"https:\/\/hofab.se\/en\/wp-json\/wp\/v2\/users\/1"}],"replies":[{"embeddable":true,"href":"https:\/\/hofab.se\/en\/wp-json\/wp\/v2\/comments?post=3293"}],"version-history":[{"count":5,"href":"https:\/\/hofab.se\/en\/wp-json\/wp\/v2\/pages\/3293\/revisions"}],"predecessor-version":[{"id":3569,"href":"https:\/\/hofab.se\/en\/wp-json\/wp\/v2\/pages\/3293\/revisions\/3569"}],"up":[{"embeddable":true,"href":"https:\/\/hofab.se\/en\/wp-json\/wp\/v2\/pages\/1742"}],"wp:attachment":[{"href":"https:\/\/hofab.se\/en\/wp-json\/wp\/v2\/media?parent=3293"}],"curies":[{"name":"wp","href":"https:\/\/api.w.org\/{rel}","templated":true}]}}