{"id":2419,"date":"2024-10-21T10:01:40","date_gmt":"2024-10-21T08:01:40","guid":{"rendered":"https:\/\/hofab-web.hj.se\/?page_id=2419"},"modified":"2024-11-25T17:52:51","modified_gmt":"2024-11-25T15:52:51","slug":"halsohogskolan","status":"publish","type":"page","link":"https:\/\/hofab.se\/en\/byggnader\/halsohogskolan\/","title":{"rendered":"H\u00e4lsoh\u00f6gskolan"},"content":{"rendered":"\t\t<div data-elementor-type=\"wp-page\" data-elementor-id=\"2419\" class=\"elementor elementor-2419\" data-elementor-post-type=\"page\">\n\t\t\t\t<div class=\"elementor-element elementor-element-c0f0f38 e-flex e-con-boxed parallax_section_no qode_elementor_container_no e-con e-parent\" data-id=\"c0f0f38\" data-element_type=\"container\" data-e-type=\"container\" data-settings=\"{&quot;background_background&quot;:&quot;classic&quot;}\">\n\t\t\t\t\t<div class=\"e-con-inner\">\n\t\t\t\t<div class=\"elementor-element elementor-element-d73328a elementor-widget elementor-widget-spacer\" data-id=\"d73328a\" data-element_type=\"widget\" data-e-type=\"widget\" data-widget_type=\"spacer.default\">\n\t\t\t\t<div class=\"elementor-widget-container\">\n\t\t\t\t\t\t\t<div class=\"elementor-spacer\">\n\t\t\t<div class=\"elementor-spacer-inner\"><\/div>\n\t\t<\/div>\n\t\t\t\t\t\t<\/div>\n\t\t\t\t<\/div>\n\t\t\t\t<div class=\"elementor-element elementor-element-5aa7569 elementor-widget elementor-widget-heading\" data-id=\"5aa7569\" data-element_type=\"widget\" data-e-type=\"widget\" data-widget_type=\"heading.default\">\n\t\t\t\t<div class=\"elementor-widget-container\">\n\t\t\t\t\t<h3 class=\"elementor-heading-title elementor-size-default\">H\u00e4lsoh\u00f6gskolan <\/h3>\t\t\t\t<\/div>\n\t\t\t\t<\/div>\n\t\t\t\t<div class=\"elementor-element elementor-element-26ee0b5 elementor-widget elementor-widget-bridge_button_v2\" data-id=\"26ee0b5\" data-element_type=\"widget\" data-e-type=\"widget\" data-widget_type=\"bridge_button_v2.default\">\n\t\t\t\t<div class=\"elementor-widget-container\">\n\t\t\t\t\t\n\n\t<a href=\"https:\/\/ju.view360.se\/tour#husg\" target=\"_self\" style=\"color: #666666;background-color: #FFFFFF;font-weight: 600\" class=\"qode-btn qode-btn-medium qode-btn-solid qode-btn-icon qode-btn-icon-rotate\"  >\n\t    <span class=\"qode-btn-text\">360\u00b0 RUNDVANDRING<\/span><span class=\"qode-button-v2-icon-holder\"  ><span aria-hidden=\"true\" class=\"qode-icon-kiko kikol kiko-expand qode-button-v2-icon-holder-inner\" ><\/span><\/span>\t<\/a>\n\n\t\t\t\t<\/div>\n\t\t\t\t<\/div>\n\t\t\t\t<div class=\"elementor-element elementor-element-f6b6af1 elementor-widget elementor-widget-spacer\" data-id=\"f6b6af1\" data-element_type=\"widget\" data-e-type=\"widget\" data-widget_type=\"spacer.default\">\n\t\t\t\t<div class=\"elementor-widget-container\">\n\t\t\t\t\t\t\t<div class=\"elementor-spacer\">\n\t\t\t<div class=\"elementor-spacer-inner\"><\/div>\n\t\t<\/div>\n\t\t\t\t\t\t<\/div>\n\t\t\t\t<\/div>\n\t\t\t\t\t<\/div>\n\t\t\t\t<\/div>\n\t\t<div class=\"elementor-element elementor-element-f063b3d e-flex e-con-boxed parallax_section_no qode_elementor_container_no e-con e-parent\" data-id=\"f063b3d\" data-element_type=\"container\" data-e-type=\"container\">\n\t\t\t\t\t<div class=\"e-con-inner\">\n\t\t<div class=\"elementor-element elementor-element-5cc8d1d1 e-con-full e-flex parallax_section_no qode_elementor_container_no e-con e-child\" data-id=\"5cc8d1d1\" data-element_type=\"container\" data-e-type=\"container\">\n\t\t\t\t<div class=\"elementor-element elementor-element-3e0eedb0 elementor-widget elementor-widget-heading\" data-id=\"3e0eedb0\" data-element_type=\"widget\" data-e-type=\"widget\" data-widget_type=\"heading.default\">\n\t\t\t\t<div class=\"elementor-widget-container\">\n\t\t\t\t\t<h2 class=\"elementor-heading-title elementor-size-default\">H\u00e4lsoh\u00f6gskolan <\/h2>\t\t\t\t<\/div>\n\t\t\t\t<\/div>\n\t\t\t\t<div class=\"elementor-element elementor-element-28265801 elementor-widget elementor-widget-text-editor\" data-id=\"28265801\" data-element_type=\"widget\" data-e-type=\"widget\" data-widget_type=\"text-editor.default\">\n\t\t\t\t<div class=\"elementor-widget-container\">\n\t\t\t\t\t\t\t\t\t<p>Byggnaden har 11 v\u00e5ningar varav tv\u00e5 \u00e4r under jord d\u00e4r den nedersta \u00e4r garage och den \u00f6versta \u00e4r lunchrum f\u00f6r studenter. Fastigheten \u00e4gdes av Landstinget i J\u00f6nk\u00f6pings l\u00e4n med Landstingsfastigheter som driftansvarig fram till 2005 d\u00e5 den k\u00f6ptes av H\u00f6gskolefastigheter i J\u00f6nk\u00f6ping AB (H\u00d6FAB).<\/p><p>Byggnaden har under \u00e5ren genomg\u00e5tt \u00e5tskilliga renoveringar och ombyggnader i syfte att tillgodose verksamhetens f\u00f6r\u00e4ndrade behov i form av studentgrupper i varierande storlek, nya pedagogiska arbetsformer, behov av uppdaterade laboratorielokaler, lokaler f\u00f6r forskningsaktiviteter, m.m<\/p><p>I samband med att byggnaden invigdes v\u00e5ren 1969 togs en<br \/>broschyr fram d\u00e4r man angav f\u00f6ljande <em>\u201dDen h\u00e4r skolan \u00e4r gjord s\u00e5 att man inte beh\u00f6ver l\u00e4ra om n\u00e4r man kommer ut\u201d<\/em>. Ett uttryck som v\u00e4l speglar d\u00e5tidens syn p\u00e5 kunskap.<\/p>\t\t\t\t\t\t\t\t<\/div>\n\t\t\t\t<\/div>\n\t\t\t\t<div class=\"elementor-element elementor-element-5da5b451 elementor-widget elementor-widget-spacer\" data-id=\"5da5b451\" data-element_type=\"widget\" data-e-type=\"widget\" data-widget_type=\"spacer.default\">\n\t\t\t\t<div class=\"elementor-widget-container\">\n\t\t\t\t\t\t\t<div class=\"elementor-spacer\">\n\t\t\t<div class=\"elementor-spacer-inner\"><\/div>\n\t\t<\/div>\n\t\t\t\t\t\t<\/div>\n\t\t\t\t<\/div>\n\t\t\t\t<div class=\"elementor-element elementor-element-30e15a1f elementor-widget elementor-widget-heading\" data-id=\"30e15a1f\" data-element_type=\"widget\" data-e-type=\"widget\" data-widget_type=\"heading.default\">\n\t\t\t\t<div class=\"elementor-widget-container\">\n\t\t\t\t\t<h4 class=\"elementor-heading-title elementor-size-default\">Verksamhet<\/h4>\t\t\t\t<\/div>\n\t\t\t\t<\/div>\n\t\t\t\t<div class=\"elementor-element elementor-element-4a57cfbd elementor-icon-list--layout-traditional elementor-list-item-link-full_width elementor-widget elementor-widget-icon-list\" data-id=\"4a57cfbd\" data-element_type=\"widget\" data-e-type=\"widget\" data-widget_type=\"icon-list.default\">\n\t\t\t\t<div class=\"elementor-widget-container\">\n\t\t\t\t\t\t\t<ul class=\"elementor-icon-list-items\">\n\t\t\t\t\t\t\t<li class=\"elementor-icon-list-item\">\n\t\t\t\t\t\t\t\t\t\t\t<span class=\"elementor-icon-list-icon\">\n\t\t\t\t\t\t\t<svg aria-hidden=\"true\" class=\"e-font-icon-svg e-fas-check\" viewBox=\"0 0 512 512\" xmlns=\"http:\/\/www.w3.org\/2000\/svg\"><path d=\"M173.898 439.404l-166.4-166.4c-9.997-9.997-9.997-26.206 0-36.204l36.203-36.204c9.997-9.998 26.207-9.998 36.204 0L192 312.69 432.095 72.596c9.997-9.997 26.207-9.997 36.204 0l36.203 36.204c9.997 9.997 9.997 26.206 0 36.204l-294.4 294.401c-9.998 9.997-26.207 9.997-36.204-.001z\"><\/path><\/svg>\t\t\t\t\t\t<\/span>\n\t\t\t\t\t\t\t\t\t\t<span class=\"elementor-icon-list-text\">H\u00e4lsoh\u00f6gskolan<\/span>\n\t\t\t\t\t\t\t\t\t<\/li>\n\t\t\t\t\t\t<\/ul>\n\t\t\t\t\t\t<\/div>\n\t\t\t\t<\/div>\n\t\t\t\t<div class=\"elementor-element elementor-element-de75376 elementor-widget elementor-widget-spacer\" data-id=\"de75376\" data-element_type=\"widget\" data-e-type=\"widget\" data-widget_type=\"spacer.default\">\n\t\t\t\t<div class=\"elementor-widget-container\">\n\t\t\t\t\t\t\t<div class=\"elementor-spacer\">\n\t\t\t<div class=\"elementor-spacer-inner\"><\/div>\n\t\t<\/div>\n\t\t\t\t\t\t<\/div>\n\t\t\t\t<\/div>\n\t\t\t\t<div class=\"elementor-element elementor-element-456e0a0 elementor-widget elementor-widget-bridge_specification_list\" data-id=\"456e0a0\" data-element_type=\"widget\" data-e-type=\"widget\" data-widget_type=\"bridge_specification_list.default\">\n\t\t\t\t<div class=\"elementor-widget-container\">\n\t\t\t\t\t<div class=\"qode-specification-list\">\n\t\t<div class=\"qode-specification-list-text-holder\">\n\t\t<h4 class=\"qode-specification-list-title\">\n\t\t\tFakta\t\t<\/h4>\n\t\t<div class=\"qode-specification-list-items\">\n\t\t\t\t\t\t\t<div class=\"qode-specification-list-item\">\n\t\t\t\t\t<span class=\"qode-specification-list-item-label\">\n\t\t\t\t\t\tByggnads\u00e5r\t\t\t\t\t<\/span>\n\t\t\t\t\t<span class=\"qode-specification-list-item-value\">\n\t\t\t\t\t\t1966-68\t\t\t\t\t<\/span>\n\t\t\t\t<\/div>\n\t\t\t\t\t\t\t<div class=\"qode-specification-list-item\">\n\t\t\t\t\t<span class=\"qode-specification-list-item-label\">\n\t\t\t\t\t\tF\u00f6rv\u00e4rvad\t\t\t\t\t<\/span>\n\t\t\t\t\t<span class=\"qode-specification-list-item-value\">\n\t\t\t\t\t\t2005\t\t\t\t\t<\/span>\n\t\t\t\t<\/div>\n\t\t\t\t\t\t\t<div class=\"qode-specification-list-item\">\n\t\t\t\t\t<span class=\"qode-specification-list-item-label\">\n\t\t\t\t\t\tBRA Yta\t\t\t\t\t<\/span>\n\t\t\t\t\t<span class=\"qode-specification-list-item-value\">\n\t\t\t\t\t\t17 812 m\u00b2\t\t\t\t\t<\/span>\n\t\t\t\t<\/div>\n\t\t\t\t\t\t\t<div class=\"qode-specification-list-item\">\n\t\t\t\t\t<span class=\"qode-specification-list-item-label\">\n\t\t\t\t\t\tAntal v\u00e5ningar\t\t\t\t\t<\/span>\n\t\t\t\t\t<span class=\"qode-specification-list-item-value\">\n\t\t\t\t\t\t11\t\t\t\t\t<\/span>\n\t\t\t\t<\/div>\n\t\t\t\t\t\t\t<div class=\"qode-specification-list-item\">\n\t\t\t\t\t<span class=\"qode-specification-list-item-label\">\n\t\t\t\t\t\tHyresg\u00e4st\t\t\t\t\t<\/span>\n\t\t\t\t\t<span class=\"qode-specification-list-item-value\">\n\t\t\t\t\t\tH\u00f6gskoleservice\t\t\t\t\t<\/span>\n\t\t\t\t<\/div>\n\t\t\t\t\t\t\t<div class=\"qode-specification-list-item\">\n\t\t\t\t\t<span class=\"qode-specification-list-item-label\">\n\t\t\t\t\t\tArkitekt\t\t\t\t\t<\/span>\n\t\t\t\t\t<span class=\"qode-specification-list-item-value\">\n\t\t\t\t\t\tRoland Voldemar H\u00e4rm\t\t\t\t\t<\/span>\n\t\t\t\t<\/div>\n\t\t\t\t\t\t\t<div class=\"qode-specification-list-item\">\n\t\t\t\t\t<span class=\"qode-specification-list-item-label\">\n\t\t\t\t\t\tBes\u00f6ksadress\t\t\t\t\t<\/span>\n\t\t\t\t\t<span class=\"qode-specification-list-item-value\">\n\t\t\t\t\t\tBarnarpsgatan 39A (Hus G) (5)\t\t\t\t\t<\/span>\n\t\t\t\t<\/div>\n\t\t\t\t\t<\/div>\n\t<\/div>\n\t<\/div>\t\t\t\t<\/div>\n\t\t\t\t<\/div>\n\t\t\t\t<div class=\"elementor-element elementor-element-31cc41d elementor-widget elementor-widget-text-editor\" data-id=\"31cc41d\" data-element_type=\"widget\" data-e-type=\"widget\" data-widget_type=\"text-editor.default\">\n\t\t\t\t<div class=\"elementor-widget-container\">\n\t\t\t\t\t\t\t\t\t<p><a href=\"https:\/\/ju.se\/download\/18.19e532b4165b0a757bb2ac7\/1536321619804\/Ha%CC%88lsoho%CC%88gskolan%2050%20a%CC%8Ar%20NY.pdf\">H\u00e4lsoh\u00f6gskolans Historia (Extern l\u00e4nk<\/a>)<\/p>\t\t\t\t\t\t\t\t<\/div>\n\t\t\t\t<\/div>\n\t\t\t\t<div class=\"elementor-element elementor-element-4d9dc47d elementor-widget elementor-widget-google_maps\" data-id=\"4d9dc47d\" data-element_type=\"widget\" data-e-type=\"widget\" data-widget_type=\"google_maps.default\">\n\t\t\t\t<div class=\"elementor-widget-container\">\n\t\t\t\t\t\t\t<div class=\"elementor-custom-embed\">\n\t\t\t<iframe loading=\"lazy\"\n\t\t\t\t\tdata-src=\"https:\/\/maps.google.com\/maps?q=h%C3%A4lsoh%C3%B6gskolan%20J%C3%B6%C3%B6nk%C3%B6ping&#038;t=m&#038;z=15&#038;output=embed&#038;iwloc=near\"\n\t\t\t\t\ttitle=\"h\u00e4lsoh\u00f6gskolan J\u00f6\u00f6nk\u00f6ping\"\n\t\t\t\t\taria-label=\"h\u00e4lsoh\u00f6gskolan J\u00f6\u00f6nk\u00f6ping\"\n\t\t\t src=\"data:image\/gif;base64,R0lGODlhAQABAAAAACH5BAEKAAEALAAAAAABAAEAAAICTAEAOw==\" class=\"lazyload\" data-load-mode=\"1\"><\/iframe>\n\t\t<\/div>\n\t\t\t\t\t\t<\/div>\n\t\t\t\t<\/div>\n\t\t<div class=\"elementor-element elementor-element-cf4746a e-con-full e-flex parallax_section_no qode_elementor_container_no e-con e-child\" data-id=\"cf4746a\" data-element_type=\"container\" data-e-type=\"container\">\n\t\t\t\t<\/div>\n\t\t\t\t<\/div>\n\t\t<div class=\"elementor-element elementor-element-48dd7f0d e-con-full e-flex parallax_section_no qode_elementor_container_no e-con e-child\" data-id=\"48dd7f0d\" data-element_type=\"container\" data-e-type=\"container\">\n\t\t\t\t<div class=\"elementor-element elementor-element-1ab68a69 elementor-widget elementor-widget-image\" data-id=\"1ab68a69\" data-element_type=\"widget\" data-e-type=\"widget\" data-widget_type=\"image.default\">\n\t\t\t\t<div class=\"elementor-widget-container\">\n\t\t\t\t\t\t\t\t\t\t\t\t\t\t\t\t<a href=\"https:\/\/hofab.se\/wp-content\/smush-webp\/2024\/10\/JU_170601-1123-scaled.jpg.webp\" data-elementor-open-lightbox=\"yes\" data-elementor-lightbox-title=\"H\u00e4lsoh\u00f6gskolan\" data-e-action-hash=\"#elementor-action%3Aaction%3Dlightbox%26settings%3DeyJpZCI6MjU2MCwidXJsIjoiaHR0cHM6XC9cL2hvZmFiLnNlXC93cC1jb250ZW50XC91cGxvYWRzXC8yMDI0XC8xMFwvSlVfMTcwNjAxLTExMjMtc2NhbGVkLmpwZyJ9\">\n\t\t\t\t\t\t\t<img fetchpriority=\"high\" decoding=\"async\" width=\"1024\" height=\"683\" src=\"https:\/\/hofab.se\/wp-content\/smush-webp\/2024\/10\/JU_170601-1123-1024x683.jpg.webp\" class=\"attachment-large size-large wp-image-2560\" alt=\"\" srcset=\"https:\/\/hofab.se\/wp-content\/smush-webp\/2024\/10\/JU_170601-1123-1024x683.jpg.webp 1024w, https:\/\/hofab.se\/wp-content\/smush-webp\/2024\/10\/JU_170601-1123-300x200.jpg.webp 300w, https:\/\/hofab.se\/wp-content\/smush-webp\/2024\/10\/JU_170601-1123-768x512.jpg.webp 768w, https:\/\/hofab.se\/wp-content\/smush-webp\/2024\/10\/JU_170601-1123-1536x1024.jpg.webp 1536w, https:\/\/hofab.se\/wp-content\/smush-webp\/2024\/10\/JU_170601-1123-2048x1365.jpg.webp 2048w, https:\/\/hofab.se\/wp-content\/smush-webp\/2024\/10\/JU_170601-1123-18x12.jpg.webp 18w, https:\/\/hofab.se\/wp-content\/smush-webp\/2024\/10\/JU_170601-1123-700x467.jpg.webp 700w\" sizes=\"(max-width: 1024px) 100vw, 1024px\" \/>\t\t\t\t\t\t\t\t<\/a>\n\t\t\t\t\t\t\t\t\t\t\t\t\t\t\t<\/div>\n\t\t\t\t<\/div>\n\t\t\t\t<div class=\"elementor-element elementor-element-6518fba0 elementor-widget elementor-widget-bridge_advanced_image_gallery\" data-id=\"6518fba0\" data-element_type=\"widget\" data-e-type=\"widget\" data-widget_type=\"bridge_advanced_image_gallery.default\">\n\t\t\t\t<div class=\"elementor-widget-container\">\n\t\t\t\t\t<div class=\"qode-advanced-image-gallery  qode-aig-masonry-type qode-tiny-space  qode-image-behavior-lightbox qode-aig-images-fixed\">\n\t<div class=\"qode-aig-inner qode-outer-space qode-aig-masonry qode-aig-three-columns\">\n\t\t<div class=\"qode-aig-grid-sizer\"><\/div>\n\t\t<div class=\"qode-aig-grid-gutter\"><\/div>\n\t\t\t\t\t\t\t\t<div class=\"qode-aig-image qode-item-space qode-aig-default-masonry-item\">\n\t\t\t\t<div class=\"qode-aig-image-inner\">\n\t\t\t\t\t\t\t\t\t\t\t<a itemprop=\"image\" class=\"qode-aig-lightbox\" href=\"https:\/\/hofab.se\/wp-content\/smush-webp\/2024\/11\/DSC_7091-scaled.jpg.webp\" data-rel=\"prettyPhoto[image_gallery_pretty_photo-427]\" title=\"DSC_7091\">\n\t\t\t\t\t\t\t\t\t\t\t\t\t<img decoding=\"async\" data-src=\"https:\/\/hofab.se\/wp-content\/uploads\/2024\/11\/DSC_7091-scaled-200x200.jpg\" alt=\"\" width=\"200\" height=\"200\" src=\"data:image\/gif;base64,R0lGODlhAQABAAAAACH5BAEKAAEALAAAAAABAAEAAAICTAEAOw==\" class=\"lazyload\" style=\"--smush-placeholder-width: 200px; --smush-placeholder-aspect-ratio: 200\/200;\" \/><noscript><img decoding=\"async\" src=\"https:\/\/hofab.se\/wp-content\/uploads\/2024\/11\/DSC_7091-scaled-200x200.jpg\" alt=\"\" width=\"200\" height=\"200\" \/><\/noscript>\t\t\t\t\t\t<span class=\"aig-gallery-hover\">\n\t\t\t\t\t\t\t\t\t\t\t\t\t<\/span>\n\t\t\t\t\t\t\t\t\t\t\t<\/a>\n\t\t\t\t\t\t\t\t\t<\/div>\n\t\t\t<\/div>\n\t\t\t\t\t\t\t\t\t\t\t<div class=\"qode-aig-image qode-item-space qode-aig-default-masonry-item\">\n\t\t\t\t<div class=\"qode-aig-image-inner\">\n\t\t\t\t\t\t\t\t\t\t\t<a itemprop=\"image\" class=\"qode-aig-lightbox\" href=\"https:\/\/hofab.se\/wp-content\/uploads\/2024\/11\/hjj.jpg\" data-rel=\"prettyPhoto[image_gallery_pretty_photo-427]\" title=\"hjj\">\n\t\t\t\t\t\t\t\t\t\t\t\t\t<img decoding=\"async\" data-src=\"https:\/\/hofab.se\/wp-content\/uploads\/2024\/11\/hjj-200x200.jpg\" alt=\"\" width=\"200\" height=\"200\" src=\"data:image\/gif;base64,R0lGODlhAQABAAAAACH5BAEKAAEALAAAAAABAAEAAAICTAEAOw==\" class=\"lazyload\" style=\"--smush-placeholder-width: 200px; --smush-placeholder-aspect-ratio: 200\/200;\" \/><noscript><img decoding=\"async\" src=\"https:\/\/hofab.se\/wp-content\/uploads\/2024\/11\/hjj-200x200.jpg\" alt=\"\" width=\"200\" height=\"200\" \/><\/noscript>\t\t\t\t\t\t<span class=\"aig-gallery-hover\">\n\t\t\t\t\t\t\t\t\t\t\t\t\t<\/span>\n\t\t\t\t\t\t\t\t\t\t\t<\/a>\n\t\t\t\t\t\t\t\t\t<\/div>\n\t\t\t<\/div>\n\t\t\t\t\t\t\t\t\t\t\t<div class=\"qode-aig-image qode-item-space qode-aig-default-masonry-item\">\n\t\t\t\t<div class=\"qode-aig-image-inner\">\n\t\t\t\t\t\t\t\t\t\t\t<a itemprop=\"image\" class=\"qode-aig-lightbox\" href=\"https:\/\/hofab.se\/wp-content\/smush-webp\/2024\/11\/IMGP1515-rotated.jpg.webp\" data-rel=\"prettyPhoto[image_gallery_pretty_photo-427]\" title=\"IMGP1515\">\n\t\t\t\t\t\t\t\t\t\t\t\t\t<img loading=\"lazy\" decoding=\"async\" data-src=\"https:\/\/hofab.se\/wp-content\/uploads\/2024\/11\/IMGP1515-rotated-200x200.jpg\" alt=\"\" width=\"200\" height=\"200\" src=\"data:image\/gif;base64,R0lGODlhAQABAAAAACH5BAEKAAEALAAAAAABAAEAAAICTAEAOw==\" class=\"lazyload\" style=\"--smush-placeholder-width: 200px; --smush-placeholder-aspect-ratio: 200\/200;\" \/><noscript><img loading=\"lazy\" decoding=\"async\" src=\"https:\/\/hofab.se\/wp-content\/uploads\/2024\/11\/IMGP1515-rotated-200x200.jpg\" alt=\"\" width=\"200\" height=\"200\" \/><\/noscript>\t\t\t\t\t\t<span class=\"aig-gallery-hover\">\n\t\t\t\t\t\t\t\t\t\t\t\t\t<\/span>\n\t\t\t\t\t\t\t\t\t\t\t<\/a>\n\t\t\t\t\t\t\t\t\t<\/div>\n\t\t\t<\/div>\n\t\t\t\t\t\t\t\t\t\t\t<div class=\"qode-aig-image qode-item-space qode-aig-default-masonry-item\">\n\t\t\t\t<div class=\"qode-aig-image-inner\">\n\t\t\t\t\t\t\t\t\t\t\t<a itemprop=\"image\" class=\"qode-aig-lightbox\" href=\"https:\/\/hofab.se\/wp-content\/smush-webp\/2024\/11\/DSC_7059-scaled.jpg.webp\" data-rel=\"prettyPhoto[image_gallery_pretty_photo-427]\" title=\"DSC_7059\">\n\t\t\t\t\t\t\t\t\t\t\t\t\t<img loading=\"lazy\" decoding=\"async\" data-src=\"https:\/\/hofab.se\/wp-content\/uploads\/2024\/11\/DSC_7059-scaled-200x200.jpg\" alt=\"\" width=\"200\" height=\"200\" src=\"data:image\/gif;base64,R0lGODlhAQABAAAAACH5BAEKAAEALAAAAAABAAEAAAICTAEAOw==\" class=\"lazyload\" style=\"--smush-placeholder-width: 200px; --smush-placeholder-aspect-ratio: 200\/200;\" \/><noscript><img loading=\"lazy\" decoding=\"async\" src=\"https:\/\/hofab.se\/wp-content\/uploads\/2024\/11\/DSC_7059-scaled-200x200.jpg\" alt=\"\" width=\"200\" height=\"200\" \/><\/noscript>\t\t\t\t\t\t<span class=\"aig-gallery-hover\">\n\t\t\t\t\t\t\t\t\t\t\t\t\t<\/span>\n\t\t\t\t\t\t\t\t\t\t\t<\/a>\n\t\t\t\t\t\t\t\t\t<\/div>\n\t\t\t<\/div>\n\t\t\t\t\t\t\t\t\t\t\t<div class=\"qode-aig-image qode-item-space qode-aig-default-masonry-item\">\n\t\t\t\t<div class=\"qode-aig-image-inner\">\n\t\t\t\t\t\t\t\t\t\t\t<a itemprop=\"image\" class=\"qode-aig-lightbox\" href=\"https:\/\/hofab.se\/wp-content\/smush-webp\/2024\/11\/JU_CAMPUS_160518-039-scaled.jpg.webp\" data-rel=\"prettyPhoto[image_gallery_pretty_photo-427]\" title=\"JU_CAMPUS_160518-039\">\n\t\t\t\t\t\t\t\t\t\t\t\t\t<img loading=\"lazy\" decoding=\"async\" data-src=\"https:\/\/hofab.se\/wp-content\/uploads\/2024\/11\/JU_CAMPUS_160518-039-scaled-200x200.jpg\" alt=\"\" width=\"200\" height=\"200\" src=\"data:image\/gif;base64,R0lGODlhAQABAAAAACH5BAEKAAEALAAAAAABAAEAAAICTAEAOw==\" class=\"lazyload\" style=\"--smush-placeholder-width: 200px; --smush-placeholder-aspect-ratio: 200\/200;\" \/><noscript><img loading=\"lazy\" decoding=\"async\" src=\"https:\/\/hofab.se\/wp-content\/uploads\/2024\/11\/JU_CAMPUS_160518-039-scaled-200x200.jpg\" alt=\"\" width=\"200\" height=\"200\" \/><\/noscript>\t\t\t\t\t\t<span class=\"aig-gallery-hover\">\n\t\t\t\t\t\t\t\t\t\t\t\t\t<\/span>\n\t\t\t\t\t\t\t\t\t\t\t<\/a>\n\t\t\t\t\t\t\t\t\t<\/div>\n\t\t\t<\/div>\n\t\t\t\t\t\t\t\t\t\t\t<div class=\"qode-aig-image qode-item-space qode-aig-default-masonry-item\">\n\t\t\t\t<div class=\"qode-aig-image-inner\">\n\t\t\t\t\t\t\t\t\t\t\t<a itemprop=\"image\" class=\"qode-aig-lightbox\" href=\"https:\/\/hofab.se\/wp-content\/smush-webp\/2024\/11\/JU_170601-1144-scaled.jpg.webp\" data-rel=\"prettyPhoto[image_gallery_pretty_photo-427]\" title=\"JU_170601-1144\">\n\t\t\t\t\t\t\t\t\t\t\t\t\t<img loading=\"lazy\" decoding=\"async\" data-src=\"https:\/\/hofab.se\/wp-content\/uploads\/2024\/11\/JU_170601-1144-scaled-200x200.jpg\" alt=\"\" width=\"200\" height=\"200\" src=\"data:image\/gif;base64,R0lGODlhAQABAAAAACH5BAEKAAEALAAAAAABAAEAAAICTAEAOw==\" class=\"lazyload\" style=\"--smush-placeholder-width: 200px; --smush-placeholder-aspect-ratio: 200\/200;\" \/><noscript><img loading=\"lazy\" decoding=\"async\" src=\"https:\/\/hofab.se\/wp-content\/uploads\/2024\/11\/JU_170601-1144-scaled-200x200.jpg\" alt=\"\" width=\"200\" height=\"200\" \/><\/noscript>\t\t\t\t\t\t<span class=\"aig-gallery-hover\">\n\t\t\t\t\t\t\t\t\t\t\t\t\t<\/span>\n\t\t\t\t\t\t\t\t\t\t\t<\/a>\n\t\t\t\t\t\t\t\t\t<\/div>\n\t\t\t<\/div>\n\t\t\t\t\t\t<\/div>\n<\/div>\t\t\t\t<\/div>\n\t\t\t\t<\/div>\n\t\t\t\t<\/div>\n\t\t\t\t\t<\/div>\n\t\t\t\t<\/div>\n\t\t\t\t<\/div>\n\t\t","protected":false},"excerpt":{"rendered":"<p>H\u00e4lsoh\u00f6gskolan 360\u00b0 RUNDVANDRING H\u00e4lsoh\u00f6gskolan Byggnaden&#8230;<\/p>","protected":false},"author":1,"featured_media":0,"parent":1742,"menu_order":0,"comment_status":"closed","ping_status":"closed","template":"elementor_header_footer","meta":{"footnotes":""},"class_list":["post-2419","page","type-page","status-publish","hentry"],"_links":{"self":[{"href":"https:\/\/hofab.se\/en\/wp-json\/wp\/v2\/pages\/2419","targetHints":{"allow":["GET"]}}],"collection":[{"href":"https:\/\/hofab.se\/en\/wp-json\/wp\/v2\/pages"}],"about":[{"href":"https:\/\/hofab.se\/en\/wp-json\/wp\/v2\/types\/page"}],"author":[{"embeddable":true,"href":"https:\/\/hofab.se\/en\/wp-json\/wp\/v2\/users\/1"}],"replies":[{"embeddable":true,"href":"https:\/\/hofab.se\/en\/wp-json\/wp\/v2\/comments?post=2419"}],"version-history":[{"count":5,"href":"https:\/\/hofab.se\/en\/wp-json\/wp\/v2\/pages\/2419\/revisions"}],"predecessor-version":[{"id":3269,"href":"https:\/\/hofab.se\/en\/wp-json\/wp\/v2\/pages\/2419\/revisions\/3269"}],"up":[{"embeddable":true,"href":"https:\/\/hofab.se\/en\/wp-json\/wp\/v2\/pages\/1742"}],"wp:attachment":[{"href":"https:\/\/hofab.se\/en\/wp-json\/wp\/v2\/media?parent=2419"}],"curies":[{"name":"wp","href":"https:\/\/api.w.org\/{rel}","templated":true}]}}