{"id":2413,"date":"2024-10-21T09:59:10","date_gmt":"2024-10-21T07:59:10","guid":{"rendered":"https:\/\/hofab-web.hj.se\/?page_id=2413"},"modified":"2024-11-25T15:08:47","modified_gmt":"2024-11-25T13:08:47","slug":"studenternas-hus","status":"publish","type":"page","link":"https:\/\/hofab.se\/en\/byggnader\/studenternas-hus\/","title":{"rendered":"Studenternas Hus"},"content":{"rendered":"\t\t<div data-elementor-type=\"wp-page\" data-elementor-id=\"2413\" class=\"elementor elementor-2413\" data-elementor-post-type=\"page\">\n\t\t\t\t<div class=\"elementor-element elementor-element-cb79996 e-flex e-con-boxed parallax_section_no qode_elementor_container_no e-con e-parent\" data-id=\"cb79996\" data-element_type=\"container\" data-e-type=\"container\" data-settings=\"{&quot;background_background&quot;:&quot;classic&quot;}\">\n\t\t\t\t\t<div class=\"e-con-inner\">\n\t\t\t\t<div class=\"elementor-element elementor-element-a04160b elementor-widget elementor-widget-spacer\" data-id=\"a04160b\" data-element_type=\"widget\" data-e-type=\"widget\" data-widget_type=\"spacer.default\">\n\t\t\t\t<div class=\"elementor-widget-container\">\n\t\t\t\t\t\t\t<div class=\"elementor-spacer\">\n\t\t\t<div class=\"elementor-spacer-inner\"><\/div>\n\t\t<\/div>\n\t\t\t\t\t\t<\/div>\n\t\t\t\t<\/div>\n\t\t\t\t<div class=\"elementor-element elementor-element-35d6e2b elementor-widget elementor-widget-heading\" data-id=\"35d6e2b\" data-element_type=\"widget\" data-e-type=\"widget\" data-widget_type=\"heading.default\">\n\t\t\t\t<div class=\"elementor-widget-container\">\n\t\t\t\t\t<h3 class=\"elementor-heading-title elementor-size-default\">Studenternas Hus<\/h3>\t\t\t\t<\/div>\n\t\t\t\t<\/div>\n\t\t\t\t<div class=\"elementor-element elementor-element-2618dd1 elementor-widget elementor-widget-spacer\" data-id=\"2618dd1\" data-element_type=\"widget\" data-e-type=\"widget\" data-widget_type=\"spacer.default\">\n\t\t\t\t<div class=\"elementor-widget-container\">\n\t\t\t\t\t\t\t<div class=\"elementor-spacer\">\n\t\t\t<div class=\"elementor-spacer-inner\"><\/div>\n\t\t<\/div>\n\t\t\t\t\t\t<\/div>\n\t\t\t\t<\/div>\n\t\t\t\t\t<\/div>\n\t\t\t\t<\/div>\n\t\t<div class=\"elementor-element elementor-element-39a4073a e-flex e-con-boxed parallax_section_no qode_elementor_container_no e-con e-parent\" data-id=\"39a4073a\" data-element_type=\"container\" data-e-type=\"container\">\n\t\t\t\t\t<div class=\"e-con-inner\">\n\t\t<div class=\"elementor-element elementor-element-1792bd6d e-con-full e-flex parallax_section_no qode_elementor_container_no e-con e-child\" data-id=\"1792bd6d\" data-element_type=\"container\" data-e-type=\"container\">\n\t\t\t\t<div class=\"elementor-element elementor-element-2f12e7d3 elementor-widget elementor-widget-heading\" data-id=\"2f12e7d3\" data-element_type=\"widget\" data-e-type=\"widget\" data-widget_type=\"heading.default\">\n\t\t\t\t<div class=\"elementor-widget-container\">\n\t\t\t\t\t<h2 class=\"elementor-heading-title elementor-size-default\">Studenternas Hus<\/h2>\t\t\t\t<\/div>\n\t\t\t\t<\/div>\n\t\t\t\t<div class=\"elementor-element elementor-element-502517bf elementor-widget elementor-widget-text-editor\" data-id=\"502517bf\" data-element_type=\"widget\" data-e-type=\"widget\" data-widget_type=\"text-editor.default\">\n\t\t\t\t<div class=\"elementor-widget-container\">\n\t\t\t\t\t\t\t\t\t<div id=\"W9thhMPpy1Mb7JuZjMh2T-user-message\" aria-labelledby=\"W9thhMPpy1Mb7JuZjMh2T-user-message\"><div class=\"flex w-full flex-col items-end\" data-content=\"user-message\"><div>Studenternas Hus \u00e4r J\u00f6nk\u00f6ping Universitys studentk\u00e5rs huvudkontor och ligger centralt p\u00e5 campus. H\u00e4r hittar du Studentk\u00e5rens caf\u00e9, Rio. Byggnaden har anor fr\u00e5n tidigt 1900-tal och \u00e4r en del av byggnadsarvet fr\u00e5n J\u00f6nk\u00f6pings Mekaniska Verkstad.<\/div><\/div><\/div>\t\t\t\t\t\t\t\t<\/div>\n\t\t\t\t<\/div>\n\t\t\t\t<div class=\"elementor-element elementor-element-6161b077 elementor-widget elementor-widget-spacer\" data-id=\"6161b077\" data-element_type=\"widget\" data-e-type=\"widget\" data-widget_type=\"spacer.default\">\n\t\t\t\t<div class=\"elementor-widget-container\">\n\t\t\t\t\t\t\t<div class=\"elementor-spacer\">\n\t\t\t<div class=\"elementor-spacer-inner\"><\/div>\n\t\t<\/div>\n\t\t\t\t\t\t<\/div>\n\t\t\t\t<\/div>\n\t\t\t\t<div class=\"elementor-element elementor-element-352be464 elementor-widget elementor-widget-heading\" data-id=\"352be464\" data-element_type=\"widget\" data-e-type=\"widget\" data-widget_type=\"heading.default\">\n\t\t\t\t<div class=\"elementor-widget-container\">\n\t\t\t\t\t<h4 class=\"elementor-heading-title elementor-size-default\">Verksamhet<\/h4>\t\t\t\t<\/div>\n\t\t\t\t<\/div>\n\t\t\t\t<div class=\"elementor-element elementor-element-2af42f04 elementor-icon-list--layout-traditional elementor-list-item-link-full_width elementor-widget elementor-widget-icon-list\" data-id=\"2af42f04\" data-element_type=\"widget\" data-e-type=\"widget\" data-widget_type=\"icon-list.default\">\n\t\t\t\t<div class=\"elementor-widget-container\">\n\t\t\t\t\t\t\t<ul class=\"elementor-icon-list-items\">\n\t\t\t\t\t\t\t<li class=\"elementor-icon-list-item\">\n\t\t\t\t\t\t\t\t\t\t\t<span class=\"elementor-icon-list-icon\">\n\t\t\t\t\t\t\t<svg aria-hidden=\"true\" class=\"e-font-icon-svg e-fas-check\" viewBox=\"0 0 512 512\" xmlns=\"http:\/\/www.w3.org\/2000\/svg\"><path d=\"M173.898 439.404l-166.4-166.4c-9.997-9.997-9.997-26.206 0-36.204l36.203-36.204c9.997-9.998 26.207-9.998 36.204 0L192 312.69 432.095 72.596c9.997-9.997 26.207-9.997 36.204 0l36.203 36.204c9.997 9.997 9.997 26.206 0 36.204l-294.4 294.401c-9.998 9.997-26.207 9.997-36.204-.001z\"><\/path><\/svg>\t\t\t\t\t\t<\/span>\n\t\t\t\t\t\t\t\t\t\t<span class=\"elementor-icon-list-text\">JTH, Studentk\u00e5r, H\u00f6fab, Restaurang\/Caf\u00e9,<\/span>\n\t\t\t\t\t\t\t\t\t<\/li>\n\t\t\t\t\t\t<\/ul>\n\t\t\t\t\t\t<\/div>\n\t\t\t\t<\/div>\n\t\t\t\t<div class=\"elementor-element elementor-element-157b1f6c elementor-widget elementor-widget-spacer\" data-id=\"157b1f6c\" data-element_type=\"widget\" data-e-type=\"widget\" data-widget_type=\"spacer.default\">\n\t\t\t\t<div class=\"elementor-widget-container\">\n\t\t\t\t\t\t\t<div class=\"elementor-spacer\">\n\t\t\t<div class=\"elementor-spacer-inner\"><\/div>\n\t\t<\/div>\n\t\t\t\t\t\t<\/div>\n\t\t\t\t<\/div>\n\t\t\t\t<div class=\"elementor-element elementor-element-772b38d elementor-widget elementor-widget-bridge_specification_list\" data-id=\"772b38d\" data-element_type=\"widget\" data-e-type=\"widget\" data-widget_type=\"bridge_specification_list.default\">\n\t\t\t\t<div class=\"elementor-widget-container\">\n\t\t\t\t\t<div class=\"qode-specification-list\">\n\t\t<div class=\"qode-specification-list-text-holder\">\n\t\t<h4 class=\"qode-specification-list-title\">\n\t\t\tFakta\t\t<\/h4>\n\t\t<div class=\"qode-specification-list-items\">\n\t\t\t\t\t\t\t<div class=\"qode-specification-list-item\">\n\t\t\t\t\t<span class=\"qode-specification-list-item-label\">\n\t\t\t\t\t\tByggnads\u00e5r\t\t\t\t\t<\/span>\n\t\t\t\t\t<span class=\"qode-specification-list-item-value\">\n\t\t\t\t\t\t1914\t\t\t\t\t<\/span>\n\t\t\t\t<\/div>\n\t\t\t\t\t\t\t<div class=\"qode-specification-list-item\">\n\t\t\t\t\t<span class=\"qode-specification-list-item-label\">\n\t\t\t\t\t\tTillbyggnad\t\t\t\t\t<\/span>\n\t\t\t\t\t<span class=\"qode-specification-list-item-value\">\n\t\t\t\t\t\t2002\t\t\t\t\t<\/span>\n\t\t\t\t<\/div>\n\t\t\t\t\t\t\t<div class=\"qode-specification-list-item\">\n\t\t\t\t\t<span class=\"qode-specification-list-item-label\">\n\t\t\t\t\t\tBRA Yta\t\t\t\t\t<\/span>\n\t\t\t\t\t<span class=\"qode-specification-list-item-value\">\n\t\t\t\t\t\t3816 m\u00b2\t\t\t\t\t<\/span>\n\t\t\t\t<\/div>\n\t\t\t\t\t\t\t<div class=\"qode-specification-list-item\">\n\t\t\t\t\t<span class=\"qode-specification-list-item-label\">\n\t\t\t\t\t\tBes\u00f6ksadress\t\t\t\t\t<\/span>\n\t\t\t\t\t<span class=\"qode-specification-list-item-value\">\n\t\t\t\t\t\tGjuterigatan 1-5 (Hus D)\t\t\t\t\t<\/span>\n\t\t\t\t<\/div>\n\t\t\t\t\t\t\t<div class=\"qode-specification-list-item\">\n\t\t\t\t\t<span class=\"qode-specification-list-item-label\">\n\t\t\t\t\t\tHyresg\u00e4st\t\t\t\t\t<\/span>\n\t\t\t\t\t<span class=\"qode-specification-list-item-value\">\n\t\t\t\t\t\tH\u00f6gskoleservice\t\t\t\t\t<\/span>\n\t\t\t\t<\/div>\n\t\t\t\t\t\t\t<div class=\"qode-specification-list-item\">\n\t\t\t\t\t<span class=\"qode-specification-list-item-label\">\n\t\t\t\t\t\tRenovering\t\t\t\t\t<\/span>\n\t\t\t\t\t<span class=\"qode-specification-list-item-value\">\n\t\t\t\t\t\t2024\t\t\t\t\t<\/span>\n\t\t\t\t<\/div>\n\t\t\t\t\t<\/div>\n\t<\/div>\n\t<\/div>\t\t\t\t<\/div>\n\t\t\t\t<\/div>\n\t\t\t\t<div class=\"elementor-element elementor-element-7e6b4be3 elementor-widget elementor-widget-google_maps\" data-id=\"7e6b4be3\" data-element_type=\"widget\" data-e-type=\"widget\" data-widget_type=\"google_maps.default\">\n\t\t\t\t<div class=\"elementor-widget-container\">\n\t\t\t\t\t\t\t<div class=\"elementor-custom-embed\">\n\t\t\t<iframe loading=\"lazy\"\n\t\t\t\t\tdata-src=\"https:\/\/maps.google.com\/maps?q=Studenternas%20hus%20J%C3%B6nk%C3%B6ping&#038;t=m&#038;z=15&#038;output=embed&#038;iwloc=near\"\n\t\t\t\t\ttitle=\"Studenternas hus J\u00f6nk\u00f6ping\"\n\t\t\t\t\taria-label=\"Studenternas hus J\u00f6nk\u00f6ping\"\n\t\t\t src=\"data:image\/gif;base64,R0lGODlhAQABAAAAACH5BAEKAAEALAAAAAABAAEAAAICTAEAOw==\" class=\"lazyload\" data-load-mode=\"1\"><\/iframe>\n\t\t<\/div>\n\t\t\t\t\t\t<\/div>\n\t\t\t\t<\/div>\n\t\t\t\t<\/div>\n\t\t<div class=\"elementor-element elementor-element-31e494f7 e-con-full e-flex parallax_section_no qode_elementor_container_no e-con e-child\" data-id=\"31e494f7\" data-element_type=\"container\" data-e-type=\"container\">\n\t\t\t\t<div class=\"elementor-element elementor-element-44412796 elementor-widget elementor-widget-image\" data-id=\"44412796\" data-element_type=\"widget\" data-e-type=\"widget\" data-widget_type=\"image.default\">\n\t\t\t\t<div class=\"elementor-widget-container\">\n\t\t\t\t\t\t\t\t\t\t\t\t\t\t\t\t<a href=\"https:\/\/hofab.se\/wp-content\/smush-webp\/2024\/10\/JU_170601-0703-scaled.jpg.webp\" data-elementor-open-lightbox=\"yes\" data-elementor-lightbox-title=\"JU_170601-0703\" data-e-action-hash=\"#elementor-action%3Aaction%3Dlightbox%26settings%3DeyJpZCI6MjU2MywidXJsIjoiaHR0cHM6XC9cL2hvZmFiLnNlXC93cC1jb250ZW50XC91cGxvYWRzXC8yMDI0XC8xMFwvSlVfMTcwNjAxLTA3MDMtc2NhbGVkLmpwZyJ9\">\n\t\t\t\t\t\t\t<img fetchpriority=\"high\" decoding=\"async\" width=\"1024\" height=\"683\" src=\"https:\/\/hofab.se\/wp-content\/smush-webp\/2024\/10\/JU_170601-0703-1024x683.jpg.webp\" class=\"attachment-large size-large wp-image-2563\" alt=\"\" srcset=\"https:\/\/hofab.se\/wp-content\/smush-webp\/2024\/10\/JU_170601-0703-1024x683.jpg.webp 1024w, https:\/\/hofab.se\/wp-content\/smush-webp\/2024\/10\/JU_170601-0703-300x200.jpg.webp 300w, https:\/\/hofab.se\/wp-content\/smush-webp\/2024\/10\/JU_170601-0703-768x512.jpg.webp 768w, https:\/\/hofab.se\/wp-content\/smush-webp\/2024\/10\/JU_170601-0703-1536x1024.jpg.webp 1536w, https:\/\/hofab.se\/wp-content\/smush-webp\/2024\/10\/JU_170601-0703-2048x1365.jpg.webp 2048w, https:\/\/hofab.se\/wp-content\/smush-webp\/2024\/10\/JU_170601-0703-18x12.jpg.webp 18w, https:\/\/hofab.se\/wp-content\/smush-webp\/2024\/10\/JU_170601-0703-700x467.jpg.webp 700w\" sizes=\"(max-width: 1024px) 100vw, 1024px\" \/>\t\t\t\t\t\t\t\t<\/a>\n\t\t\t\t\t\t\t\t\t\t\t\t\t\t\t<\/div>\n\t\t\t\t<\/div>\n\t\t\t\t<div class=\"elementor-element elementor-element-644ab2 elementor-widget elementor-widget-bridge_advanced_image_gallery\" data-id=\"644ab2\" data-element_type=\"widget\" data-e-type=\"widget\" data-widget_type=\"bridge_advanced_image_gallery.default\">\n\t\t\t\t<div class=\"elementor-widget-container\">\n\t\t\t\t\t<div class=\"qode-advanced-image-gallery  qode-aig-masonry-type qode-tiny-space  qode-image-behavior-lightbox qode-aig-images-fixed\">\n\t<div class=\"qode-aig-inner qode-outer-space qode-aig-masonry qode-aig-three-columns\">\n\t\t<div class=\"qode-aig-grid-sizer\"><\/div>\n\t\t<div class=\"qode-aig-grid-gutter\"><\/div>\n\t\t\t\t\t\t\t\t<div class=\"qode-aig-image qode-item-space qode-aig-default-masonry-item\">\n\t\t\t\t<div class=\"qode-aig-image-inner\">\n\t\t\t\t\t\t\t\t\t\t\t<a itemprop=\"image\" class=\"qode-aig-lightbox\" href=\"https:\/\/hofab.se\/wp-content\/smush-webp\/2024\/11\/JU_170601-0520-scaled.jpg.webp\" data-rel=\"prettyPhoto[image_gallery_pretty_photo-48]\" title=\"JU_170601-0520\">\n\t\t\t\t\t\t\t\t\t\t\t\t\t<img decoding=\"async\" data-src=\"https:\/\/hofab.se\/wp-content\/uploads\/2024\/11\/JU_170601-0520-scaled-200x200.jpg\" alt=\"\" width=\"200\" height=\"200\" src=\"data:image\/gif;base64,R0lGODlhAQABAAAAACH5BAEKAAEALAAAAAABAAEAAAICTAEAOw==\" class=\"lazyload\" style=\"--smush-placeholder-width: 200px; --smush-placeholder-aspect-ratio: 200\/200;\" \/><noscript><img decoding=\"async\" src=\"https:\/\/hofab.se\/wp-content\/uploads\/2024\/11\/JU_170601-0520-scaled-200x200.jpg\" alt=\"\" width=\"200\" height=\"200\" \/><\/noscript>\t\t\t\t\t\t<span class=\"aig-gallery-hover\">\n\t\t\t\t\t\t\t\t\t\t\t\t\t<\/span>\n\t\t\t\t\t\t\t\t\t\t\t<\/a>\n\t\t\t\t\t\t\t\t\t<\/div>\n\t\t\t<\/div>\n\t\t\t\t\t\t<\/div>\n<\/div>\t\t\t\t<\/div>\n\t\t\t\t<\/div>\n\t\t\t\t<\/div>\n\t\t\t\t\t<\/div>\n\t\t\t\t<\/div>\n\t\t\t\t<\/div>\n\t\t","protected":false},"excerpt":{"rendered":"<p>Studenternas Hus Studenternas Hus Studenternas&#8230;<\/p>","protected":false},"author":1,"featured_media":0,"parent":1742,"menu_order":0,"comment_status":"closed","ping_status":"closed","template":"elementor_header_footer","meta":{"footnotes":""},"class_list":["post-2413","page","type-page","status-publish","hentry"],"_links":{"self":[{"href":"https:\/\/hofab.se\/en\/wp-json\/wp\/v2\/pages\/2413","targetHints":{"allow":["GET"]}}],"collection":[{"href":"https:\/\/hofab.se\/en\/wp-json\/wp\/v2\/pages"}],"about":[{"href":"https:\/\/hofab.se\/en\/wp-json\/wp\/v2\/types\/page"}],"author":[{"embeddable":true,"href":"https:\/\/hofab.se\/en\/wp-json\/wp\/v2\/users\/1"}],"replies":[{"embeddable":true,"href":"https:\/\/hofab.se\/en\/wp-json\/wp\/v2\/comments?post=2413"}],"version-history":[{"count":5,"href":"https:\/\/hofab.se\/en\/wp-json\/wp\/v2\/pages\/2413\/revisions"}],"predecessor-version":[{"id":3217,"href":"https:\/\/hofab.se\/en\/wp-json\/wp\/v2\/pages\/2413\/revisions\/3217"}],"up":[{"embeddable":true,"href":"https:\/\/hofab.se\/en\/wp-json\/wp\/v2\/pages\/1742"}],"wp:attachment":[{"href":"https:\/\/hofab.se\/en\/wp-json\/wp\/v2\/media?parent=2413"}],"curies":[{"name":"wp","href":"https:\/\/api.w.org\/{rel}","templated":true}]}}