{"id":2340,"date":"2024-10-16T10:28:10","date_gmt":"2024-10-16T08:28:10","guid":{"rendered":"https:\/\/hofab-web.hj.se\/?page_id=2340"},"modified":"2024-11-25T17:57:22","modified_gmt":"2024-11-25T15:57:22","slug":"mariedal","status":"publish","type":"page","link":"https:\/\/hofab.se\/en\/byggnader\/mariedal\/","title":{"rendered":"Mariedal"},"content":{"rendered":"\t\t<div data-elementor-type=\"wp-page\" data-elementor-id=\"2340\" class=\"elementor elementor-2340\" data-elementor-post-type=\"page\">\n\t\t\t\t<div class=\"elementor-element elementor-element-57d3ef3 e-flex e-con-boxed parallax_section_no qode_elementor_container_no e-con e-parent\" data-id=\"57d3ef3\" data-element_type=\"container\" data-e-type=\"container\" data-settings=\"{&quot;background_background&quot;:&quot;classic&quot;}\">\n\t\t\t\t\t<div class=\"e-con-inner\">\n\t\t\t\t<div class=\"elementor-element elementor-element-dc03cf0 elementor-widget elementor-widget-spacer\" data-id=\"dc03cf0\" data-element_type=\"widget\" data-e-type=\"widget\" data-widget_type=\"spacer.default\">\n\t\t\t\t<div class=\"elementor-widget-container\">\n\t\t\t\t\t\t\t<div class=\"elementor-spacer\">\n\t\t\t<div class=\"elementor-spacer-inner\"><\/div>\n\t\t<\/div>\n\t\t\t\t\t\t<\/div>\n\t\t\t\t<\/div>\n\t\t\t\t<div class=\"elementor-element elementor-element-2e72134 elementor-widget elementor-widget-heading\" data-id=\"2e72134\" data-element_type=\"widget\" data-e-type=\"widget\" data-widget_type=\"heading.default\">\n\t\t\t\t<div class=\"elementor-widget-container\">\n\t\t\t\t\t<h3 class=\"elementor-heading-title elementor-size-default\">Mariedal<\/h3>\t\t\t\t<\/div>\n\t\t\t\t<\/div>\n\t\t\t\t<div class=\"elementor-element elementor-element-bb0f1c6 elementor-widget elementor-widget-spacer\" data-id=\"bb0f1c6\" data-element_type=\"widget\" data-e-type=\"widget\" data-widget_type=\"spacer.default\">\n\t\t\t\t<div class=\"elementor-widget-container\">\n\t\t\t\t\t\t\t<div class=\"elementor-spacer\">\n\t\t\t<div class=\"elementor-spacer-inner\"><\/div>\n\t\t<\/div>\n\t\t\t\t\t\t<\/div>\n\t\t\t\t<\/div>\n\t\t\t\t\t<\/div>\n\t\t\t\t<\/div>\n\t\t<div class=\"elementor-element elementor-element-59099e9 e-flex e-con-boxed parallax_section_no qode_elementor_container_no e-con e-parent\" data-id=\"59099e9\" data-element_type=\"container\" data-e-type=\"container\">\n\t\t\t\t\t<div class=\"e-con-inner\">\n\t\t<div class=\"elementor-element elementor-element-242a2ad e-con-full e-flex parallax_section_no qode_elementor_container_no e-con e-child\" data-id=\"242a2ad\" data-element_type=\"container\" data-e-type=\"container\">\n\t\t\t\t<div class=\"elementor-element elementor-element-9837c3c elementor-widget elementor-widget-heading\" data-id=\"9837c3c\" data-element_type=\"widget\" data-e-type=\"widget\" data-widget_type=\"heading.default\">\n\t\t\t\t<div class=\"elementor-widget-container\">\n\t\t\t\t\t<h2 class=\"elementor-heading-title elementor-size-default\">Mariedal<\/h2>\t\t\t\t<\/div>\n\t\t\t\t<\/div>\n\t\t\t\t<div class=\"elementor-element elementor-element-adc4de3 elementor-widget elementor-widget-text-editor\" data-id=\"adc4de3\" data-element_type=\"widget\" data-e-type=\"widget\" data-widget_type=\"text-editor.default\">\n\t\t\t\t<div class=\"elementor-widget-container\">\n\t\t\t\t\t\t\t\t\t<p><span style=\"background-color: #ffffff; font-weight: var( --e-global-typography-text-font-weight ); text-align: var(--text-align);\">Mariedal \u00e4r H\u00f6gskolans gemensamma konferenslokal och \u00e4r den \u00e4ldsta byggnaden p\u00e5 h\u00f6gskoleomr\u00e5det.\u00a0<\/span>En vacker plats med anor fr\u00e5n 1800-talet.\u00a0<span style=\"text-align: var(--text-align);\">Bel\u00e4gen bredvid campus vid H\u00e4lsoh\u00f6gskolan.\u00a0<\/span><\/p><p>Mariedal uppf\u00f6rdes som manbyggnad p\u00e5 ett\u00a0landeri\u00a0av grosshandlaren och snusfabrik\u00f6ren Gustaf Westman (f\u00f6dd 1812), \u00e4gare av\u00a0Dahlgren &amp; Westmans Snusfabrik.\u00a0<\/p><p>Villan hade ursprungligen tv\u00e5 frist\u00e5ende flyglar, en stor tr\u00e4dg\u00e5rd och egen brygga vid\u00a0Munksj\u00f6n.\u00a0<\/p><p>Munksj\u00f6 bruk\u00a0k\u00f6pte Mariedal 1891, varefter villan blev disponentbostad fram till 1961.\u00a0J\u00f6nk\u00f6pings l\u00e4ns landsting\u00a0k\u00f6pte fastigheten 1963 och anv\u00e4nde Mariedal till kontor. 2005 f\u00e4rv\u00e4rvades Mariedal av H\u00d6FAB.<\/p><p>En st\u00f6rre renovering gjordes inv\u00e4ndigt under 2014-2015 och \u00e4r idag en mycket popul\u00e4r konferensanl\u00e4gning.<\/p><p>\u00a0<\/p>\t\t\t\t\t\t\t\t<\/div>\n\t\t\t\t<\/div>\n\t\t\t\t<div class=\"elementor-element elementor-element-f88b356 elementor-widget elementor-widget-heading\" data-id=\"f88b356\" data-element_type=\"widget\" data-e-type=\"widget\" data-widget_type=\"heading.default\">\n\t\t\t\t<div class=\"elementor-widget-container\">\n\t\t\t\t\t<h4 class=\"elementor-heading-title elementor-size-default\">Verksamhet<\/h4>\t\t\t\t<\/div>\n\t\t\t\t<\/div>\n\t\t\t\t<div class=\"elementor-element elementor-element-839b84b elementor-icon-list--layout-traditional elementor-list-item-link-full_width elementor-widget elementor-widget-icon-list\" data-id=\"839b84b\" data-element_type=\"widget\" data-e-type=\"widget\" data-widget_type=\"icon-list.default\">\n\t\t\t\t<div class=\"elementor-widget-container\">\n\t\t\t\t\t\t\t<ul class=\"elementor-icon-list-items\">\n\t\t\t\t\t\t\t<li class=\"elementor-icon-list-item\">\n\t\t\t\t\t\t\t\t\t\t\t<span class=\"elementor-icon-list-icon\">\n\t\t\t\t\t\t\t<svg aria-hidden=\"true\" class=\"e-font-icon-svg e-fas-check\" viewBox=\"0 0 512 512\" xmlns=\"http:\/\/www.w3.org\/2000\/svg\"><path d=\"M173.898 439.404l-166.4-166.4c-9.997-9.997-9.997-26.206 0-36.204l36.203-36.204c9.997-9.998 26.207-9.998 36.204 0L192 312.69 432.095 72.596c9.997-9.997 26.207-9.997 36.204 0l36.203 36.204c9.997 9.997 9.997 26.206 0 36.204l-294.4 294.401c-9.998 9.997-26.207 9.997-36.204-.001z\"><\/path><\/svg>\t\t\t\t\t\t<\/span>\n\t\t\t\t\t\t\t\t\t\t<span class=\"elementor-icon-list-text\">Konferensanl\u00e4ggning<\/span>\n\t\t\t\t\t\t\t\t\t<\/li>\n\t\t\t\t\t\t<\/ul>\n\t\t\t\t\t\t<\/div>\n\t\t\t\t<\/div>\n\t\t\t\t<div class=\"elementor-element elementor-element-6e3b3bf elementor-widget elementor-widget-spacer\" data-id=\"6e3b3bf\" data-element_type=\"widget\" data-e-type=\"widget\" data-widget_type=\"spacer.default\">\n\t\t\t\t<div class=\"elementor-widget-container\">\n\t\t\t\t\t\t\t<div class=\"elementor-spacer\">\n\t\t\t<div class=\"elementor-spacer-inner\"><\/div>\n\t\t<\/div>\n\t\t\t\t\t\t<\/div>\n\t\t\t\t<\/div>\n\t\t\t\t<div class=\"elementor-element elementor-element-39c63d8 elementor-widget elementor-widget-bridge_specification_list\" data-id=\"39c63d8\" data-element_type=\"widget\" data-e-type=\"widget\" data-widget_type=\"bridge_specification_list.default\">\n\t\t\t\t<div class=\"elementor-widget-container\">\n\t\t\t\t\t<div class=\"qode-specification-list\">\n\t\t<div class=\"qode-specification-list-text-holder\">\n\t\t<h4 class=\"qode-specification-list-title\">\n\t\t\tFakta\t\t<\/h4>\n\t\t<div class=\"qode-specification-list-items\">\n\t\t\t\t\t\t\t<div class=\"qode-specification-list-item\">\n\t\t\t\t\t<span class=\"qode-specification-list-item-label\">\n\t\t\t\t\t\tByggnads\u00e5r\t\t\t\t\t<\/span>\n\t\t\t\t\t<span class=\"qode-specification-list-item-value\">\n\t\t\t\t\t\t1850\t\t\t\t\t<\/span>\n\t\t\t\t<\/div>\n\t\t\t\t\t\t\t<div class=\"qode-specification-list-item\">\n\t\t\t\t\t<span class=\"qode-specification-list-item-label\">\n\t\t\t\t\t\tF\u00f6rv\u00e4rvad\t\t\t\t\t<\/span>\n\t\t\t\t\t<span class=\"qode-specification-list-item-value\">\n\t\t\t\t\t\t2005\t\t\t\t\t<\/span>\n\t\t\t\t<\/div>\n\t\t\t\t\t\t\t<div class=\"qode-specification-list-item\">\n\t\t\t\t\t<span class=\"qode-specification-list-item-label\">\n\t\t\t\t\t\tBRA Yta\t\t\t\t\t<\/span>\n\t\t\t\t\t<span class=\"qode-specification-list-item-value\">\n\t\t\t\t\t\t722 m\u00b2\t\t\t\t\t<\/span>\n\t\t\t\t<\/div>\n\t\t\t\t\t\t\t<div class=\"qode-specification-list-item\">\n\t\t\t\t\t<span class=\"qode-specification-list-item-label\">\n\t\t\t\t\t\tBes\u00f6ksadress\t\t\t\t\t<\/span>\n\t\t\t\t\t<span class=\"qode-specification-list-item-value\">\n\t\t\t\t\t\tBarnarpsgatan 39B (Hus F) (6)\t\t\t\t\t<\/span>\n\t\t\t\t<\/div>\n\t\t\t\t\t\t\t<div class=\"qode-specification-list-item\">\n\t\t\t\t\t<span class=\"qode-specification-list-item-label\">\n\t\t\t\t\t\tHyresg\u00e4st\t\t\t\t\t<\/span>\n\t\t\t\t\t<span class=\"qode-specification-list-item-value\">\n\t\t\t\t\t\tH\u00f6gskoleservice\t\t\t\t\t<\/span>\n\t\t\t\t<\/div>\n\t\t\t\t\t\t\t<div class=\"qode-specification-list-item\">\n\t\t\t\t\t<span class=\"qode-specification-list-item-label\">\n\t\t\t\t\t\tRenovering\t\t\t\t\t<\/span>\n\t\t\t\t\t<span class=\"qode-specification-list-item-value\">\n\t\t\t\t\t\t2014-2015\t\t\t\t\t<\/span>\n\t\t\t\t<\/div>\n\t\t\t\t\t\t\t<div class=\"qode-specification-list-item\">\n\t\t\t\t\t<span class=\"qode-specification-list-item-label\">\n\t\t\t\t\t\tByggnadsv\u00e5rd &amp; Restaurering\t\t\t\t\t<\/span>\n\t\t\t\t\t<span class=\"qode-specification-list-item-value\">\n\t\t\t\t\t\tTengbom Arkitekter\t\t\t\t\t<\/span>\n\t\t\t\t<\/div>\n\t\t\t\t\t\t\t<div class=\"qode-specification-list-item\">\n\t\t\t\t\t<span class=\"qode-specification-list-item-label\">\n\t\t\t\t\t\tFoton\t\t\t\t\t<\/span>\n\t\t\t\t\t<span class=\"qode-specification-list-item-value\">\n\t\t\t\t\t\tTengbom\t\t\t\t\t<\/span>\n\t\t\t\t<\/div>\n\t\t\t\t\t<\/div>\n\t<\/div>\n\t<\/div>\t\t\t\t<\/div>\n\t\t\t\t<\/div>\n\t\t\t\t<div class=\"elementor-element elementor-element-c33fb3c elementor-widget elementor-widget-google_maps\" data-id=\"c33fb3c\" data-element_type=\"widget\" data-e-type=\"widget\" data-widget_type=\"google_maps.default\">\n\t\t\t\t<div class=\"elementor-widget-container\">\n\t\t\t\t\t\t\t<div class=\"elementor-custom-embed\">\n\t\t\t<iframe loading=\"lazy\"\n\t\t\t\t\tdata-src=\"https:\/\/maps.google.com\/maps?q=Mariedal%20-%20konferensanl%C3%A4ggning&#038;t=m&#038;z=15&#038;output=embed&#038;iwloc=near\"\n\t\t\t\t\ttitle=\"Mariedal - konferensanl\u00e4ggning\"\n\t\t\t\t\taria-label=\"Mariedal - konferensanl\u00e4ggning\"\n\t\t\t src=\"data:image\/gif;base64,R0lGODlhAQABAAAAACH5BAEKAAEALAAAAAABAAEAAAICTAEAOw==\" class=\"lazyload\" data-load-mode=\"1\"><\/iframe>\n\t\t<\/div>\n\t\t\t\t\t\t<\/div>\n\t\t\t\t<\/div>\n\t\t\t\t<\/div>\n\t\t<div class=\"elementor-element elementor-element-e216a13 e-con-full e-flex parallax_section_no qode_elementor_container_no e-con e-child\" data-id=\"e216a13\" data-element_type=\"container\" data-e-type=\"container\">\n\t\t\t\t<div class=\"elementor-element elementor-element-3430d6e elementor-widget elementor-widget-image\" data-id=\"3430d6e\" data-element_type=\"widget\" data-e-type=\"widget\" data-widget_type=\"image.default\">\n\t\t\t\t<div class=\"elementor-widget-container\">\n\t\t\t\t\t\t\t\t\t\t\t\t\t\t\t\t<a href=\"https:\/\/hofab.se\/wp-content\/smush-webp\/2024\/11\/IMG_0036-scaled.jpg.webp\" data-elementor-open-lightbox=\"yes\" data-elementor-lightbox-title=\"IMG_0036\" data-e-action-hash=\"#elementor-action%3Aaction%3Dlightbox%26settings%3DeyJpZCI6Mjg0NiwidXJsIjoiaHR0cHM6XC9cL2hvZmFiLnNlXC93cC1jb250ZW50XC91cGxvYWRzXC8yMDI0XC8xMVwvSU1HXzAwMzYtc2NhbGVkLmpwZyJ9\">\n\t\t\t\t\t\t\t<img fetchpriority=\"high\" decoding=\"async\" width=\"1024\" height=\"768\" src=\"https:\/\/hofab.se\/wp-content\/smush-webp\/2024\/11\/IMG_0036-1024x768.jpg.webp\" class=\"attachment-large size-large wp-image-2846\" alt=\"\" srcset=\"https:\/\/hofab.se\/wp-content\/smush-webp\/2024\/11\/IMG_0036-1024x768.jpg.webp 1024w, https:\/\/hofab.se\/wp-content\/smush-webp\/2024\/11\/IMG_0036-300x225.jpg.webp 300w, https:\/\/hofab.se\/wp-content\/smush-webp\/2024\/11\/IMG_0036-768x576.jpg.webp 768w, https:\/\/hofab.se\/wp-content\/smush-webp\/2024\/11\/IMG_0036-1536x1152.jpg.webp 1536w, https:\/\/hofab.se\/wp-content\/smush-webp\/2024\/11\/IMG_0036-2048x1536.jpg.webp 2048w, https:\/\/hofab.se\/wp-content\/smush-webp\/2024\/11\/IMG_0036-16x12.jpg.webp 16w, https:\/\/hofab.se\/wp-content\/smush-webp\/2024\/11\/IMG_0036-800x600.jpg.webp 800w, https:\/\/hofab.se\/wp-content\/smush-webp\/2024\/11\/IMG_0036-700x525.jpg.webp 700w\" sizes=\"(max-width: 1024px) 100vw, 1024px\" \/>\t\t\t\t\t\t\t\t<\/a>\n\t\t\t\t\t\t\t\t\t\t\t\t\t\t\t<\/div>\n\t\t\t\t<\/div>\n\t\t\t\t<div class=\"elementor-element elementor-element-e34fb9e elementor-widget elementor-widget-bridge_advanced_image_gallery\" data-id=\"e34fb9e\" data-element_type=\"widget\" data-e-type=\"widget\" data-widget_type=\"bridge_advanced_image_gallery.default\">\n\t\t\t\t<div class=\"elementor-widget-container\">\n\t\t\t\t\t<div class=\"qode-advanced-image-gallery  qode-aig-masonry-type qode-tiny-space  qode-image-behavior-lightbox qode-aig-images-fixed\">\n\t<div class=\"qode-aig-inner qode-outer-space qode-aig-masonry qode-aig-three-columns\">\n\t\t<div class=\"qode-aig-grid-sizer\"><\/div>\n\t\t<div class=\"qode-aig-grid-gutter\"><\/div>\n\t\t\t\t\t\t\t\t<div class=\"qode-aig-image qode-item-space qode-aig-default-masonry-item\">\n\t\t\t\t<div class=\"qode-aig-image-inner\">\n\t\t\t\t\t\t\t\t\t\t\t<a itemprop=\"image\" class=\"qode-aig-lightbox\" href=\"https:\/\/hofab.se\/wp-content\/uploads\/2024\/11\/mariedal-interior-entre.jpg\" data-rel=\"prettyPhoto[image_gallery_pretty_photo-654]\" title=\"mariedal interi\u00f6r entr\u00e9\">\n\t\t\t\t\t\t\t\t\t\t\t\t\t<img decoding=\"async\" data-src=\"https:\/\/hofab.se\/wp-content\/uploads\/2024\/11\/mariedal-interior-entre-200x200.jpg\" alt=\"\" width=\"200\" height=\"200\" src=\"data:image\/gif;base64,R0lGODlhAQABAAAAACH5BAEKAAEALAAAAAABAAEAAAICTAEAOw==\" class=\"lazyload\" style=\"--smush-placeholder-width: 200px; --smush-placeholder-aspect-ratio: 200\/200;\" \/><noscript><img decoding=\"async\" src=\"https:\/\/hofab.se\/wp-content\/uploads\/2024\/11\/mariedal-interior-entre-200x200.jpg\" alt=\"\" width=\"200\" height=\"200\" \/><\/noscript>\t\t\t\t\t\t<span class=\"aig-gallery-hover\">\n\t\t\t\t\t\t\t\t\t\t\t\t\t<\/span>\n\t\t\t\t\t\t\t\t\t\t\t<\/a>\n\t\t\t\t\t\t\t\t\t<\/div>\n\t\t\t<\/div>\n\t\t\t\t\t\t\t\t\t\t\t<div class=\"qode-aig-image qode-item-space qode-aig-default-masonry-item\">\n\t\t\t\t<div class=\"qode-aig-image-inner\">\n\t\t\t\t\t\t\t\t\t\t\t<a itemprop=\"image\" class=\"qode-aig-lightbox\" href=\"https:\/\/hofab.se\/wp-content\/uploads\/2024\/11\/maridal-interior.jpg\" data-rel=\"prettyPhoto[image_gallery_pretty_photo-654]\" title=\"maridal interi\u00f6r\">\n\t\t\t\t\t\t\t\t\t\t\t\t\t<img decoding=\"async\" data-src=\"https:\/\/hofab.se\/wp-content\/uploads\/2024\/11\/maridal-interior-200x200.jpg\" alt=\"\" width=\"200\" height=\"200\" src=\"data:image\/gif;base64,R0lGODlhAQABAAAAACH5BAEKAAEALAAAAAABAAEAAAICTAEAOw==\" class=\"lazyload\" style=\"--smush-placeholder-width: 200px; --smush-placeholder-aspect-ratio: 200\/200;\" \/><noscript><img decoding=\"async\" src=\"https:\/\/hofab.se\/wp-content\/uploads\/2024\/11\/maridal-interior-200x200.jpg\" alt=\"\" width=\"200\" height=\"200\" \/><\/noscript>\t\t\t\t\t\t<span class=\"aig-gallery-hover\">\n\t\t\t\t\t\t\t\t\t\t\t\t\t<\/span>\n\t\t\t\t\t\t\t\t\t\t\t<\/a>\n\t\t\t\t\t\t\t\t\t<\/div>\n\t\t\t<\/div>\n\t\t\t\t\t\t\t\t\t\t\t<div class=\"qode-aig-image qode-item-space qode-aig-default-masonry-item\">\n\t\t\t\t<div class=\"qode-aig-image-inner\">\n\t\t\t\t\t\t\t\t\t\t\t<a itemprop=\"image\" class=\"qode-aig-lightbox\" href=\"https:\/\/hofab.se\/wp-content\/uploads\/2024\/11\/mareidal-interios-stora-salen.jpg\" data-rel=\"prettyPhoto[image_gallery_pretty_photo-654]\" title=\"mareidal interi\u00f6s stora salen\">\n\t\t\t\t\t\t\t\t\t\t\t\t\t<img loading=\"lazy\" decoding=\"async\" data-src=\"https:\/\/hofab.se\/wp-content\/uploads\/2024\/11\/mareidal-interios-stora-salen-200x200.jpg\" alt=\"\" width=\"200\" height=\"200\" src=\"data:image\/gif;base64,R0lGODlhAQABAAAAACH5BAEKAAEALAAAAAABAAEAAAICTAEAOw==\" class=\"lazyload\" style=\"--smush-placeholder-width: 200px; --smush-placeholder-aspect-ratio: 200\/200;\" \/><noscript><img loading=\"lazy\" decoding=\"async\" src=\"https:\/\/hofab.se\/wp-content\/uploads\/2024\/11\/mareidal-interios-stora-salen-200x200.jpg\" alt=\"\" width=\"200\" height=\"200\" \/><\/noscript>\t\t\t\t\t\t<span class=\"aig-gallery-hover\">\n\t\t\t\t\t\t\t\t\t\t\t\t\t<\/span>\n\t\t\t\t\t\t\t\t\t\t\t<\/a>\n\t\t\t\t\t\t\t\t\t<\/div>\n\t\t\t<\/div>\n\t\t\t\t\t\t\t\t\t\t\t<div class=\"qode-aig-image qode-item-space qode-aig-default-masonry-item\">\n\t\t\t\t<div class=\"qode-aig-image-inner\">\n\t\t\t\t\t\t\t\t\t\t\t<a itemprop=\"image\" class=\"qode-aig-lightbox\" href=\"https:\/\/hofab.se\/wp-content\/uploads\/2024\/11\/mariedal-interios-lounge-del.jpg\" data-rel=\"prettyPhoto[image_gallery_pretty_photo-654]\" title=\"mariedal interi\u00f6s lounge del\">\n\t\t\t\t\t\t\t\t\t\t\t\t\t<img loading=\"lazy\" decoding=\"async\" data-src=\"https:\/\/hofab.se\/wp-content\/uploads\/2024\/11\/mariedal-interios-lounge-del-200x200.jpg\" alt=\"\" width=\"200\" height=\"200\" src=\"data:image\/gif;base64,R0lGODlhAQABAAAAACH5BAEKAAEALAAAAAABAAEAAAICTAEAOw==\" class=\"lazyload\" style=\"--smush-placeholder-width: 200px; --smush-placeholder-aspect-ratio: 200\/200;\" \/><noscript><img loading=\"lazy\" decoding=\"async\" src=\"https:\/\/hofab.se\/wp-content\/uploads\/2024\/11\/mariedal-interios-lounge-del-200x200.jpg\" alt=\"\" width=\"200\" height=\"200\" \/><\/noscript>\t\t\t\t\t\t<span class=\"aig-gallery-hover\">\n\t\t\t\t\t\t\t\t\t\t\t\t\t<\/span>\n\t\t\t\t\t\t\t\t\t\t\t<\/a>\n\t\t\t\t\t\t\t\t\t<\/div>\n\t\t\t<\/div>\n\t\t\t\t\t\t\t\t\t\t\t<div class=\"qode-aig-image qode-item-space qode-aig-default-masonry-item\">\n\t\t\t\t<div class=\"qode-aig-image-inner\">\n\t\t\t\t\t\t\t\t\t\t\t<a itemprop=\"image\" class=\"qode-aig-lightbox\" href=\"https:\/\/hofab.se\/wp-content\/uploads\/2024\/11\/mariedal-interior-kok.jpg\" data-rel=\"prettyPhoto[image_gallery_pretty_photo-654]\" title=\"mariedal interi\u00f6r k\u00f6k\">\n\t\t\t\t\t\t\t\t\t\t\t\t\t<img loading=\"lazy\" decoding=\"async\" data-src=\"https:\/\/hofab.se\/wp-content\/uploads\/2024\/11\/mariedal-interior-kok-200x200.jpg\" alt=\"\" width=\"200\" height=\"200\" src=\"data:image\/gif;base64,R0lGODlhAQABAAAAACH5BAEKAAEALAAAAAABAAEAAAICTAEAOw==\" class=\"lazyload\" style=\"--smush-placeholder-width: 200px; --smush-placeholder-aspect-ratio: 200\/200;\" \/><noscript><img loading=\"lazy\" decoding=\"async\" src=\"https:\/\/hofab.se\/wp-content\/uploads\/2024\/11\/mariedal-interior-kok-200x200.jpg\" alt=\"\" width=\"200\" height=\"200\" \/><\/noscript>\t\t\t\t\t\t<span class=\"aig-gallery-hover\">\n\t\t\t\t\t\t\t\t\t\t\t\t\t<\/span>\n\t\t\t\t\t\t\t\t\t\t\t<\/a>\n\t\t\t\t\t\t\t\t\t<\/div>\n\t\t\t<\/div>\n\t\t\t\t\t\t\t\t\t\t\t<div class=\"qode-aig-image qode-item-space qode-aig-default-masonry-item\">\n\t\t\t\t<div class=\"qode-aig-image-inner\">\n\t\t\t\t\t\t\t\t\t\t\t<a itemprop=\"image\" class=\"qode-aig-lightbox\" href=\"https:\/\/hofab.se\/wp-content\/uploads\/2024\/11\/mariedal-interior-motesrum.jpg\" data-rel=\"prettyPhoto[image_gallery_pretty_photo-654]\" title=\"mariedal interi\u00f6r m\u00f6tesrum\">\n\t\t\t\t\t\t\t\t\t\t\t\t\t<img loading=\"lazy\" decoding=\"async\" data-src=\"https:\/\/hofab.se\/wp-content\/uploads\/2024\/11\/mariedal-interior-motesrum-200x200.jpg\" alt=\"\" width=\"200\" height=\"200\" src=\"data:image\/gif;base64,R0lGODlhAQABAAAAACH5BAEKAAEALAAAAAABAAEAAAICTAEAOw==\" class=\"lazyload\" style=\"--smush-placeholder-width: 200px; --smush-placeholder-aspect-ratio: 200\/200;\" \/><noscript><img loading=\"lazy\" decoding=\"async\" src=\"https:\/\/hofab.se\/wp-content\/uploads\/2024\/11\/mariedal-interior-motesrum-200x200.jpg\" alt=\"\" width=\"200\" height=\"200\" \/><\/noscript>\t\t\t\t\t\t<span class=\"aig-gallery-hover\">\n\t\t\t\t\t\t\t\t\t\t\t\t\t<\/span>\n\t\t\t\t\t\t\t\t\t\t\t<\/a>\n\t\t\t\t\t\t\t\t\t<\/div>\n\t\t\t<\/div>\n\t\t\t\t\t\t\t\t\t\t\t<div class=\"qode-aig-image qode-item-space qode-aig-default-masonry-item\">\n\t\t\t\t<div class=\"qode-aig-image-inner\">\n\t\t\t\t\t\t\t\t\t\t\t<a itemprop=\"image\" class=\"qode-aig-lightbox\" href=\"https:\/\/hofab.se\/wp-content\/uploads\/2024\/11\/mariedal.jpg\" data-rel=\"prettyPhoto[image_gallery_pretty_photo-654]\" title=\"mariedal\">\n\t\t\t\t\t\t\t\t\t\t\t\t\t<img loading=\"lazy\" decoding=\"async\" data-src=\"https:\/\/hofab.se\/wp-content\/uploads\/2024\/11\/mariedal-200x200.jpg\" alt=\"\" width=\"200\" height=\"200\" src=\"data:image\/gif;base64,R0lGODlhAQABAAAAACH5BAEKAAEALAAAAAABAAEAAAICTAEAOw==\" class=\"lazyload\" style=\"--smush-placeholder-width: 200px; --smush-placeholder-aspect-ratio: 200\/200;\" \/><noscript><img loading=\"lazy\" decoding=\"async\" src=\"https:\/\/hofab.se\/wp-content\/uploads\/2024\/11\/mariedal-200x200.jpg\" alt=\"\" width=\"200\" height=\"200\" \/><\/noscript>\t\t\t\t\t\t<span class=\"aig-gallery-hover\">\n\t\t\t\t\t\t\t\t\t\t\t\t\t<\/span>\n\t\t\t\t\t\t\t\t\t\t\t<\/a>\n\t\t\t\t\t\t\t\t\t<\/div>\n\t\t\t<\/div>\n\t\t\t\t\t\t<\/div>\n<\/div>\t\t\t\t<\/div>\n\t\t\t\t<\/div>\n\t\t\t\t<\/div>\n\t\t\t\t\t<\/div>\n\t\t\t\t<\/div>\n\t\t\t\t<\/div>\n\t\t","protected":false},"excerpt":{"rendered":"<p>Mariedal Mariedal Mariedal \u00e4r H\u00f6gskolans&#8230;<\/p>","protected":false},"author":1,"featured_media":0,"parent":1742,"menu_order":0,"comment_status":"closed","ping_status":"closed","template":"elementor_header_footer","meta":{"footnotes":""},"class_list":["post-2340","page","type-page","status-publish","hentry"],"_links":{"self":[{"href":"https:\/\/hofab.se\/en\/wp-json\/wp\/v2\/pages\/2340","targetHints":{"allow":["GET"]}}],"collection":[{"href":"https:\/\/hofab.se\/en\/wp-json\/wp\/v2\/pages"}],"about":[{"href":"https:\/\/hofab.se\/en\/wp-json\/wp\/v2\/types\/page"}],"author":[{"embeddable":true,"href":"https:\/\/hofab.se\/en\/wp-json\/wp\/v2\/users\/1"}],"replies":[{"embeddable":true,"href":"https:\/\/hofab.se\/en\/wp-json\/wp\/v2\/comments?post=2340"}],"version-history":[{"count":5,"href":"https:\/\/hofab.se\/en\/wp-json\/wp\/v2\/pages\/2340\/revisions"}],"predecessor-version":[{"id":3281,"href":"https:\/\/hofab.se\/en\/wp-json\/wp\/v2\/pages\/2340\/revisions\/3281"}],"up":[{"embeddable":true,"href":"https:\/\/hofab.se\/en\/wp-json\/wp\/v2\/pages\/1742"}],"wp:attachment":[{"href":"https:\/\/hofab.se\/en\/wp-json\/wp\/v2\/media?parent=2340"}],"curies":[{"name":"wp","href":"https:\/\/api.w.org\/{rel}","templated":true}]}}