{"id":2,"date":"2024-06-25T12:11:02","date_gmt":"2024-06-25T12:11:02","guid":{"rendered":"http:\/\/hofab-web.hj.se\/?page_id=2"},"modified":"2024-12-17T12:18:20","modified_gmt":"2024-12-17T10:18:20","slug":"start","status":"publish","type":"page","link":"https:\/\/hofab.se\/en\/","title":{"rendered":"Start"},"content":{"rendered":"<div data-elementor-type=\"wp-page\" data-elementor-id=\"2\" class=\"elementor elementor-2\" data-elementor-post-type=\"page\">\n\t\t\t\t<div class=\"elementor-element elementor-element-0e7bcee e-flex e-con-boxed parallax_section_no qode_elementor_container_no e-con e-parent\" data-id=\"0e7bcee\" data-element_type=\"container\" data-e-type=\"container\">\n\t\t\t\t\t<div class=\"e-con-inner\">\n\t\t\t\t<div class=\"elementor-element elementor-element-4b09b8a elementor-widget elementor-widget-spacer\" data-id=\"4b09b8a\" data-element_type=\"widget\" data-e-type=\"widget\" data-widget_type=\"spacer.default\">\n\t\t\t\t<div class=\"elementor-widget-container\">\n\t\t\t\t\t\t\t<div class=\"elementor-spacer\">\n\t\t\t<div class=\"elementor-spacer-inner\"><\/div>\n\t\t<\/div>\n\t\t\t\t\t\t<\/div>\n\t\t\t\t<\/div>\n\t\t\t\t\t<\/div>\n\t\t\t\t<\/div>\n\t\t<div class=\"elementor-element elementor-element-594e6b3 e-con-full e-flex parallax_section_no qode_elementor_container_no e-con e-parent\" data-id=\"594e6b3\" data-element_type=\"container\" data-e-type=\"container\" data-settings=\"{&quot;background_background&quot;:&quot;classic&quot;}\">\n\t\t\t\t<div class=\"elementor-element elementor-element-c1a38aa fullwidth elementor-widget elementor-widget-heading\" data-id=\"c1a38aa\" data-element_type=\"widget\" data-e-type=\"widget\" data-widget_type=\"heading.default\">\n\t\t\t\t<div class=\"elementor-widget-container\">\n\t\t\t\t\t<h1 class=\"elementor-heading-title elementor-size-default\">H\u00f6gskolefastigheter i J\u00f6nk\u00f6ping AB\u200b<\/h1>\t\t\t\t<\/div>\n\t\t\t\t<\/div>\n\t\t\t\t<div class=\"elementor-element elementor-element-dba0fca elementor-widget elementor-widget-text-editor\" data-id=\"dba0fca\" data-element_type=\"widget\" data-e-type=\"widget\" data-widget_type=\"text-editor.default\">\n\t\t\t\t<div class=\"elementor-widget-container\">\n\t\t\t\t\t\t\t\t\t<p style=\"text-align: center;\"><span style=\"color: #ffffff;\">Vi \u00e4r en p\u00e5litlig och n\u00e4rvarande hyresv\u00e4rd som verkar f\u00f6r ett h\u00e5llbart och attraktivt Campus<\/span><\/p>\t\t\t\t\t\t\t\t<\/div>\n\t\t\t\t<\/div>\n\t\t\t\t<\/div>\n\t\t<div class=\"elementor-element elementor-element-fb3a3c9 e-con-full e-flex parallax_section_no qode_elementor_container_no e-con e-parent\" data-id=\"fb3a3c9\" data-element_type=\"container\" data-e-type=\"container\" data-settings=\"{&quot;background_background&quot;:&quot;classic&quot;}\">\n\t\t\t\t<\/div>\n\t\t<div class=\"elementor-element elementor-element-2a767ba e-flex e-con-boxed parallax_section_no qode_elementor_container_no e-con e-parent\" data-id=\"2a767ba\" data-element_type=\"container\" data-e-type=\"container\">\n\t\t\t\t\t<div class=\"e-con-inner\">\n\t\t<div class=\"elementor-element elementor-element-daa9f44 e-con-full e-flex parallax_section_no qode_elementor_container_no e-con e-child\" data-id=\"daa9f44\" data-element_type=\"container\" data-e-type=\"container\">\n\t\t\t\t<div class=\"elementor-element elementor-element-2d447ad elementor-widget elementor-widget-heading\" data-id=\"2d447ad\" data-element_type=\"widget\" data-e-type=\"widget\" data-widget_type=\"heading.default\">\n\t\t\t\t<div class=\"elementor-widget-container\">\n\t\t\t\t\t<h3 class=\"elementor-heading-title elementor-size-default\"><span style=\"color: var( --e-global-color-primary )\">Omtanke - <\/span>Engagemang<span style=\"color: var( --e-global-color-primary )\"> - <\/span><span style=\"color: var( --e-global-color-primary )\">L\u00e5ngsiktighet \u2013<\/span><span style=\"color: var( --e-global-color-primary )\"> <\/span><span style=\"color: var( --e-global-color-primary )\">Innovation<\/span><span style=\"color: var( --e-global-color-primary )\"><\/span><br><\/h3>\t\t\t\t<\/div>\n\t\t\t\t<\/div>\n\t\t\t\t<\/div>\n\t\t<div class=\"elementor-element elementor-element-9fc61fa e-con-full e-flex parallax_section_no qode_elementor_container_no e-con e-child\" data-id=\"9fc61fa\" data-element_type=\"container\" data-e-type=\"container\">\n\t\t\t\t<div class=\"elementor-element elementor-element-3e2af75 elementor-widget elementor-widget-bridge_blog_carousel_titled\" data-id=\"3e2af75\" data-element_type=\"widget\" data-e-type=\"widget\" data-widget_type=\"bridge_blog_carousel_titled.default\">\n\t\t\t\t<div class=\"elementor-widget-container\">\n\t\t\t\t\t<div class=\"qode-blog-carousel-titled\" data-posts-shown=\"3\">\n\t<div class=\"qode-bct-title-holder\" style=\"background-color:#85C5AE;color:#FFFFFF\">\n\t\t<a class=\"qode-bct-caroufredsel-prev\" href=\"#\">\n\t\t\t<span class=\"qode-bct-caroufredsel-nav-inner\">\n\t\t\t\t<span class=\"qode-bct-caroufredsel-nav-icon-holder\">\n\t\t\t\t\t<span class=\"arrow_carrot-left\"><\/span>\n\t\t\t\t<\/span>\n\t\t\t<\/span>\n\t\t<\/a>\n\t\t\t\t\t\t\t\t<h3>\n\t\t\t\t\t\tNews\t\t\t\t\t<\/h3>\n\t\t\t\t<a class=\"qode-bct-caroufredsel-next\" href=\"#\">\n\t\t<span class=\"qode-bct-caroufredsel-nav-inner\">\n\t\t\t<span class=\"qode-bct-caroufredsel-nav-icon-holder\">\n\t\t\t\t<span class=\"arrow_carrot-right\"><\/span>\n\t\t\t<\/span>\n\t\t<\/span>\n\t<\/a>\n\t<\/div>\n\t\t\t<div class=\"qode-bct-posts-holder\">\n\t\t<div class=\"qode-bct-posts\">\n\t\t\t\t\t\t\t\t\t\t\t\t<div class=\"qode-bct-post\">\n\t\t\t\t\t\t\t\t\t\t\t\t<div class=\"qode-bct-post-text\">\n\t\t\t\t\t\t\t<h4 class=\"qode-bct-post-title entry_title\" itemprop=\"name\">\n\t\t\t\t\t\t\t\t<a href=\"https:\/\/hofab.se\/en\/renovering-av-laxtrappan-pa-hlk\/\" itemprop=\"url\">Renovering av Laxtrappan p\u00e5 HLK<\/a>\n\t\t\t\t\t\t\t<\/h4>\n\t\t\t\t\t\t\t\t\t\t\t\t\t\t<p itemprop=\"description\" class = \"qode-bct-post-excerpt\"> Laxtrappan p\u00e5 HLK \u00e4r avst\u00e4ngd...<\/p>\n\t\t\t\t\t\t\t<div class=\"qode-bct-post-date entry_date updated\" itemprop=\"dateCreated\">\n\t\t\t\t\t\t\t\tFebruary 26, 2026\t\t\t\t\t\t\t\t<meta itemprop=\"interactionCount\" content=\"UserComments: 0\"\/>\n\t\t\t\t\t\t\t<\/div>\n\t\t\t\t\t\t<\/div>\n\t\t\t\t\t<\/div>\n\t\t\t\t\t\t\t\t\t\t\t\t<div class=\"qode-bct-post\">\n\t\t\t\t\t\t\t\t\t\t\t\t<div class=\"qode-bct-post-text\">\n\t\t\t\t\t\t\t<h4 class=\"qode-bct-post-title entry_title\" itemprop=\"name\">\n\t\t\t\t\t\t\t\t<a href=\"https:\/\/hofab.se\/en\/eluttag-i-salar\/\" itemprop=\"url\">Eluttag i salar<\/a>\n\t\t\t\t\t\t\t<\/h4>\n\t\t\t\t\t\t\t\t\t\t\t\t\t\t<p itemprop=\"description\" class = \"qode-bct-post-excerpt\"> VI forts\u00e4tter arbetet med att...<\/p>\n\t\t\t\t\t\t\t<div class=\"qode-bct-post-date entry_date updated\" itemprop=\"dateCreated\">\n\t\t\t\t\t\t\t\tOctober 21, 2025\t\t\t\t\t\t\t\t<meta itemprop=\"interactionCount\" content=\"UserComments: 0\"\/>\n\t\t\t\t\t\t\t<\/div>\n\t\t\t\t\t\t<\/div>\n\t\t\t\t\t<\/div>\n\t\t\t\t\t\t\t\t\t\t\t\t<div class=\"qode-bct-post\">\n\t\t\t\t\t\t\t\t\t\t\t\t<div class=\"qode-bct-post-text\">\n\t\t\t\t\t\t\t<h4 class=\"qode-bct-post-title entry_title\" itemprop=\"name\">\n\t\t\t\t\t\t\t\t<a href=\"https:\/\/hofab.se\/en\/renovering-av-fonster-pa-hlk\/\" itemprop=\"url\">Renovering av f\u00f6nster p\u00e5 HLK<\/a>\n\t\t\t\t\t\t\t<\/h4>\n\t\t\t\t\t\t\t\t\t\t\t\t\t\t<p itemprop=\"description\" class = \"qode-bct-post-excerpt\"> Just nu renoverar vi utsidan...<\/p>\n\t\t\t\t\t\t\t<div class=\"qode-bct-post-date entry_date updated\" itemprop=\"dateCreated\">\n\t\t\t\t\t\t\t\tOctober 21, 2025\t\t\t\t\t\t\t\t<meta itemprop=\"interactionCount\" content=\"UserComments: 0\"\/>\n\t\t\t\t\t\t\t<\/div>\n\t\t\t\t\t\t<\/div>\n\t\t\t\t\t<\/div>\n\t\t\t\t\t\t\t\t\t\t\t\t<div class=\"qode-bct-post\">\n\t\t\t\t\t\t\t\t\t\t\t\t<div class=\"qode-bct-post-text\">\n\t\t\t\t\t\t\t<h4 class=\"qode-bct-post-title entry_title\" itemprop=\"name\">\n\t\t\t\t\t\t\t\t<a href=\"https:\/\/hofab.se\/en\/hofab-miljodiplomerade-aven-2025-enligt-svensk-miljobas\/\" itemprop=\"url\">H\u00d6FAB Milj\u00f6diplomerade 2025 enligt Svensk Milj\u00f6bas<\/a>\n\t\t\t\t\t\t\t<\/h4>\n\t\t\t\t\t\t\t\t\t\t\t\t\t\t<p itemprop=\"description\" class = \"qode-bct-post-excerpt\"> Verksamheten har inf\u00f6rt milj\u00f6ledningssystem i...<\/p>\n\t\t\t\t\t\t\t<div class=\"qode-bct-post-date entry_date updated\" itemprop=\"dateCreated\">\n\t\t\t\t\t\t\t\tJune 12, 2025\t\t\t\t\t\t\t\t<meta itemprop=\"interactionCount\" content=\"UserComments: 0\"\/>\n\t\t\t\t\t\t\t<\/div>\n\t\t\t\t\t\t<\/div>\n\t\t\t\t\t<\/div>\n\t\t\t\t\t\t\t\t\t\t\t\t<div class=\"qode-bct-post\">\n\t\t\t\t\t\t\t\t\t\t\t\t<div class=\"qode-bct-post-text\">\n\t\t\t\t\t\t\t<h4 class=\"qode-bct-post-title entry_title\" itemprop=\"name\">\n\t\t\t\t\t\t\t\t<a href=\"https:\/\/hofab.se\/en\/hofab-fortsatter-gora-campus-gronare\/\" itemprop=\"url\">H\u00f6fab forts\u00e4tter g\u00f6ra campus gr\u00f6nare<\/a>\n\t\t\t\t\t\t\t<\/h4>\n\t\t\t\t\t\t\t\t\t\t\t\t\t\t<p itemprop=\"description\" class = \"qode-bct-post-excerpt\"> J\u00f6nk\u00f6ping Universitys fastighets\u00e4gare H\u00f6fab (H\u00f6gskolefastigheter...<\/p>\n\t\t\t\t\t\t\t<div class=\"qode-bct-post-date entry_date updated\" itemprop=\"dateCreated\">\n\t\t\t\t\t\t\t\tMay 26, 2025\t\t\t\t\t\t\t\t<meta itemprop=\"interactionCount\" content=\"UserComments: 0\"\/>\n\t\t\t\t\t\t\t<\/div>\n\t\t\t\t\t\t<\/div>\n\t\t\t\t\t<\/div>\n\t\t\t\t\t\t\t\t\t\t\t\t<div class=\"qode-bct-post\">\n\t\t\t\t\t\t\t\t\t\t\t\t<div class=\"qode-bct-post-text\">\n\t\t\t\t\t\t\t<h4 class=\"qode-bct-post-title entry_title\" itemprop=\"name\">\n\t\t\t\t\t\t\t\t<a href=\"https:\/\/hofab.se\/en\/armaturbyte-hlk-och-jibs-paborjas-sommaren-2025\/\" itemprop=\"url\">Armaturbyte HLK och JIBS p\u00e5b\u00f6rjas sommaren 2025<\/a>\n\t\t\t\t\t\t\t<\/h4>\n\t\t\t\t\t\t\t\t\t\t\t\t\t\t<p itemprop=\"description\" class = \"qode-bct-post-excerpt\"> Under senare delen av v\u00e5ren...<\/p>\n\t\t\t\t\t\t\t<div class=\"qode-bct-post-date entry_date updated\" itemprop=\"dateCreated\">\n\t\t\t\t\t\t\t\tMarch 10, 2025\t\t\t\t\t\t\t\t<meta itemprop=\"interactionCount\" content=\"UserComments: 0\"\/>\n\t\t\t\t\t\t\t<\/div>\n\t\t\t\t\t\t<\/div>\n\t\t\t\t\t<\/div>\n\t\t\t\t\t\t\t\t\t\t\t\t<div class=\"qode-bct-post\">\n\t\t\t\t\t\t\t\t\t\t\t\t<div class=\"qode-bct-post-text\">\n\t\t\t\t\t\t\t<h4 class=\"qode-bct-post-title entry_title\" itemprop=\"name\">\n\t\t\t\t\t\t\t\t<a href=\"https:\/\/hofab.se\/en\/forum-humanum-aula-hhj\/\" itemprop=\"url\">Forum Humanum aula HHJ<\/a>\n\t\t\t\t\t\t\t<\/h4>\n\t\t\t\t\t\t\t\t\t\t\t\t\t\t<p itemprop=\"description\" class = \"qode-bct-post-excerpt\"> Under juni-augusti kommer vi utf\u00f6ra...<\/p>\n\t\t\t\t\t\t\t<div class=\"qode-bct-post-date entry_date updated\" itemprop=\"dateCreated\">\n\t\t\t\t\t\t\t\tMarch 10, 2025\t\t\t\t\t\t\t\t<meta itemprop=\"interactionCount\" content=\"UserComments: 0\"\/>\n\t\t\t\t\t\t\t<\/div>\n\t\t\t\t\t\t<\/div>\n\t\t\t\t\t<\/div>\n\t\t\t\t\t\t\t\t\t\t\t\t<div class=\"qode-bct-post\">\n\t\t\t\t\t\t\t\t\t\t\t\t<div class=\"qode-bct-post-text\">\n\t\t\t\t\t\t\t<h4 class=\"qode-bct-post-title entry_title\" itemprop=\"name\">\n\t\t\t\t\t\t\t\t<a href=\"https:\/\/hofab.se\/en\/lappen-16-detaljplan-for-nasta-framtida-utveckling\/\" itemprop=\"url\">Lappen 16 &#8211; detaljplan f\u00f6r framtida utveckling<\/a>\n\t\t\t\t\t\t\t<\/h4>\n\t\t\t\t\t\t\t\t\t\t\t\t\t\t<p itemprop=\"description\" class = \"qode-bct-post-excerpt\"> Just nu arbetar vi med...<\/p>\n\t\t\t\t\t\t\t<div class=\"qode-bct-post-date entry_date updated\" itemprop=\"dateCreated\">\n\t\t\t\t\t\t\t\tDecember 18, 2024\t\t\t\t\t\t\t\t<meta itemprop=\"interactionCount\" content=\"UserComments: 0\"\/>\n\t\t\t\t\t\t\t<\/div>\n\t\t\t\t\t\t<\/div>\n\t\t\t\t\t<\/div>\n\t\t\t\t\t\t\t\t\t\t\t\t<div class=\"qode-bct-post\">\n\t\t\t\t\t\t\t\t\t\t\t\t<div class=\"qode-bct-post-text\">\n\t\t\t\t\t\t\t<h4 class=\"qode-bct-post-title entry_title\" itemprop=\"name\">\n\t\t\t\t\t\t\t\t<a href=\"https:\/\/hofab.se\/en\/utbyte-av-belysning-till-led\/\" itemprop=\"url\">Utbyte av belysning till LED<\/a>\n\t\t\t\t\t\t\t<\/h4>\n\t\t\t\t\t\t\t\t\t\t\t\t\t\t<p itemprop=\"description\" class = \"qode-bct-post-excerpt\"> <\/p>\n\t\t\t\t\t\t\t<div class=\"qode-bct-post-date entry_date updated\" itemprop=\"dateCreated\">\n\t\t\t\t\t\t\t\tFebruary 28, 2022\t\t\t\t\t\t\t\t<meta itemprop=\"interactionCount\" content=\"UserComments: 0\"\/>\n\t\t\t\t\t\t\t<\/div>\n\t\t\t\t\t\t<\/div>\n\t\t\t\t\t<\/div>\n\t\t\t\t\t\t\t\t\t\t\t\t<div class=\"qode-bct-post\">\n\t\t\t\t\t\t\t\t\t\t\t\t<div class=\"qode-bct-post-text\">\n\t\t\t\t\t\t\t<h4 class=\"qode-bct-post-title entry_title\" itemprop=\"name\">\n\t\t\t\t\t\t\t\t<a href=\"https:\/\/hofab.se\/en\/detaljplan-lappen-16\/\" itemprop=\"url\">Detaljplan Lappen 16<\/a>\n\t\t\t\t\t\t\t<\/h4>\n\t\t\t\t\t\t\t\t\t\t\t\t\t\t<p itemprop=\"description\" class = \"qode-bct-post-excerpt\"> Arbetet med en ny detaljplan...<\/p>\n\t\t\t\t\t\t\t<div class=\"qode-bct-post-date entry_date updated\" itemprop=\"dateCreated\">\n\t\t\t\t\t\t\t\tFebruary 28, 2022\t\t\t\t\t\t\t\t<meta itemprop=\"interactionCount\" content=\"UserComments: 0\"\/>\n\t\t\t\t\t\t\t<\/div>\n\t\t\t\t\t\t<\/div>\n\t\t\t\t\t<\/div>\n\t\t\t\t\t<\/div>\n\t\t<\/div>\n\t<\/div>\t\t\t\t<\/div>\n\t\t\t\t<\/div>\n\t\t<div class=\"elementor-element elementor-element-9d9608d e-grid e-con-full parallax_section_no qode_elementor_container_no e-con e-child\" data-id=\"9d9608d\" data-element_type=\"container\" data-e-type=\"container\">\n\t\t\t\t<div class=\"elementor-element elementor-element-96bf3ba elementor-widget elementor-widget-image\" data-id=\"96bf3ba\" data-element_type=\"widget\" data-e-type=\"widget\" data-widget_type=\"image.default\">\n\t\t\t\t<div class=\"elementor-widget-container\">\n\t\t\t\t\t\t\t\t\t\t\t\t\t\t\t<img fetchpriority=\"high\" decoding=\"async\" width=\"683\" height=\"1024\" src=\"https:\/\/hofab.se\/wp-content\/uploads\/2020\/04\/hofab_personer-utanfor-biblioteket-683x1024.jpg\" class=\"attachment-large size-large wp-image-209\" alt=\"\" srcset=\"https:\/\/hofab.se\/wp-content\/uploads\/2020\/04\/hofab_personer-utanfor-biblioteket-683x1024.jpg 683w, https:\/\/hofab.se\/wp-content\/uploads\/2020\/04\/hofab_personer-utanfor-biblioteket-200x300.jpg 200w, https:\/\/hofab.se\/wp-content\/uploads\/2020\/04\/hofab_personer-utanfor-biblioteket-768x1152.jpg 768w, https:\/\/hofab.se\/wp-content\/uploads\/2020\/04\/hofab_personer-utanfor-biblioteket-8x12.jpg 8w, https:\/\/hofab.se\/wp-content\/smush-webp\/2020\/04\/hofab_personer-utanfor-biblioteket-700x1050.jpg.webp 700w, https:\/\/hofab.se\/wp-content\/uploads\/2020\/04\/hofab_personer-utanfor-biblioteket.jpg 1000w\" sizes=\"(max-width: 683px) 100vw, 683px\" \/>\t\t\t\t\t\t\t\t\t\t\t\t\t\t\t<\/div>\n\t\t\t\t<\/div>\n\t\t\t\t<div class=\"elementor-element elementor-element-44e8626 elementor-widget elementor-widget-image\" data-id=\"44e8626\" data-element_type=\"widget\" data-e-type=\"widget\" data-widget_type=\"image.default\">\n\t\t\t\t<div class=\"elementor-widget-container\">\n\t\t\t\t\t\t\t\t\t\t\t\t\t\t\t<img decoding=\"async\" width=\"683\" height=\"1024\" data-src=\"https:\/\/hofab.se\/wp-content\/uploads\/2020\/04\/hofab_person-utanfor-jibs-683x1024.jpg\" class=\"attachment-large size-large wp-image-208 lazyload\" alt=\"\" data-srcset=\"https:\/\/hofab.se\/wp-content\/uploads\/2020\/04\/hofab_person-utanfor-jibs-683x1024.jpg 683w, https:\/\/hofab.se\/wp-content\/uploads\/2020\/04\/hofab_person-utanfor-jibs-200x300.jpg 200w, https:\/\/hofab.se\/wp-content\/uploads\/2020\/04\/hofab_person-utanfor-jibs-768x1152.jpg 768w, https:\/\/hofab.se\/wp-content\/uploads\/2020\/04\/hofab_person-utanfor-jibs-8x12.jpg 8w, https:\/\/hofab.se\/wp-content\/uploads\/2020\/04\/hofab_person-utanfor-jibs-700x1050.jpg 700w, https:\/\/hofab.se\/wp-content\/uploads\/2020\/04\/hofab_person-utanfor-jibs.jpg 1000w\" data-sizes=\"(max-width: 683px) 100vw, 683px\" src=\"data:image\/gif;base64,R0lGODlhAQABAAAAACH5BAEKAAEALAAAAAABAAEAAAICTAEAOw==\" style=\"--smush-placeholder-width: 683px; --smush-placeholder-aspect-ratio: 683\/1024;\" \/><noscript><img decoding=\"async\" width=\"683\" height=\"1024\" src=\"https:\/\/hofab.se\/wp-content\/uploads\/2020\/04\/hofab_person-utanfor-jibs-683x1024.jpg\" class=\"attachment-large size-large wp-image-208\" alt=\"\" srcset=\"https:\/\/hofab.se\/wp-content\/uploads\/2020\/04\/hofab_person-utanfor-jibs-683x1024.jpg 683w, https:\/\/hofab.se\/wp-content\/uploads\/2020\/04\/hofab_person-utanfor-jibs-200x300.jpg 200w, https:\/\/hofab.se\/wp-content\/uploads\/2020\/04\/hofab_person-utanfor-jibs-768x1152.jpg 768w, https:\/\/hofab.se\/wp-content\/uploads\/2020\/04\/hofab_person-utanfor-jibs-8x12.jpg 8w, https:\/\/hofab.se\/wp-content\/uploads\/2020\/04\/hofab_person-utanfor-jibs-700x1050.jpg 700w, https:\/\/hofab.se\/wp-content\/uploads\/2020\/04\/hofab_person-utanfor-jibs.jpg 1000w\" sizes=\"(max-width: 683px) 100vw, 683px\" \/><\/noscript>\t\t\t\t\t\t\t\t\t\t\t\t\t\t\t<\/div>\n\t\t\t\t<\/div>\n\t\t\t\t<div class=\"elementor-element elementor-element-5720414 elementor-widget elementor-widget-image\" data-id=\"5720414\" data-element_type=\"widget\" data-e-type=\"widget\" data-widget_type=\"image.default\">\n\t\t\t\t<div class=\"elementor-widget-container\">\n\t\t\t\t\t\t\t\t\t\t\t\t\t\t\t<img decoding=\"async\" width=\"683\" height=\"1024\" data-src=\"https:\/\/hofab.se\/wp-content\/smush-webp\/2024\/11\/JU_170602-1922-683x1024.jpg.webp\" class=\"attachment-large size-large wp-image-2738 lazyload\" alt=\"\" data-srcset=\"https:\/\/hofab.se\/wp-content\/smush-webp\/2024\/11\/JU_170602-1922-683x1024.jpg.webp 683w, https:\/\/hofab.se\/wp-content\/smush-webp\/2024\/11\/JU_170602-1922-200x300.jpg.webp 200w, https:\/\/hofab.se\/wp-content\/smush-webp\/2024\/11\/JU_170602-1922-768x1152.jpg.webp 768w, https:\/\/hofab.se\/wp-content\/smush-webp\/2024\/11\/JU_170602-1922-1024x1536.jpg.webp 1024w, https:\/\/hofab.se\/wp-content\/smush-webp\/2024\/11\/JU_170602-1922-1365x2048.jpg.webp 1365w, https:\/\/hofab.se\/wp-content\/smush-webp\/2024\/11\/JU_170602-1922-8x12.jpg.webp 8w, https:\/\/hofab.se\/wp-content\/smush-webp\/2024\/11\/JU_170602-1922-700x1050.jpg.webp 700w, https:\/\/hofab.se\/wp-content\/smush-webp\/2024\/11\/JU_170602-1922-scaled.jpg.webp 1707w\" data-sizes=\"(max-width: 683px) 100vw, 683px\" src=\"data:image\/gif;base64,R0lGODlhAQABAAAAACH5BAEKAAEALAAAAAABAAEAAAICTAEAOw==\" style=\"--smush-placeholder-width: 683px; --smush-placeholder-aspect-ratio: 683\/1024;\" \/><noscript><img decoding=\"async\" width=\"683\" height=\"1024\" src=\"https:\/\/hofab.se\/wp-content\/uploads\/2024\/11\/JU_170602-1922-683x1024.jpg\" class=\"attachment-large size-large wp-image-2738\" alt=\"\" srcset=\"https:\/\/hofab.se\/wp-content\/uploads\/2024\/11\/JU_170602-1922-683x1024.jpg 683w, https:\/\/hofab.se\/wp-content\/uploads\/2024\/11\/JU_170602-1922-200x300.jpg 200w, https:\/\/hofab.se\/wp-content\/uploads\/2024\/11\/JU_170602-1922-768x1152.jpg 768w, https:\/\/hofab.se\/wp-content\/uploads\/2024\/11\/JU_170602-1922-1024x1536.jpg 1024w, https:\/\/hofab.se\/wp-content\/uploads\/2024\/11\/JU_170602-1922-1365x2048.jpg 1365w, https:\/\/hofab.se\/wp-content\/uploads\/2024\/11\/JU_170602-1922-8x12.jpg 8w, https:\/\/hofab.se\/wp-content\/uploads\/2024\/11\/JU_170602-1922-700x1050.jpg 700w, https:\/\/hofab.se\/wp-content\/uploads\/2024\/11\/JU_170602-1922-scaled.jpg 1707w\" sizes=\"(max-width: 683px) 100vw, 683px\" \/><\/noscript>\t\t\t\t\t\t\t\t\t\t\t\t\t\t\t<\/div>\n\t\t\t\t<\/div>\n\t\t\t\t<\/div>\n\t\t\t\t<\/div>\n\t\t\t\t\t<\/div>\n\t\t\t\t<\/div>\n\t\t<div class=\"elementor-element elementor-element-0608bf9 e-flex e-con-boxed parallax_section_no qode_elementor_container_no e-con e-parent\" data-id=\"0608bf9\" data-element_type=\"container\" data-e-type=\"container\">\n\t\t\t\t\t<div class=\"e-con-inner\">\n\t\t\t\t<div class=\"elementor-element elementor-element-ad7d5ef elementor-widget elementor-widget-video\" data-id=\"ad7d5ef\" data-element_type=\"widget\" data-e-type=\"widget\" data-settings=\"{&quot;video_type&quot;:&quot;hosted&quot;,&quot;autoplay&quot;:&quot;yes&quot;,&quot;play_on_mobile&quot;:&quot;yes&quot;,&quot;mute&quot;:&quot;yes&quot;,&quot;loop&quot;:&quot;yes&quot;,&quot;controls&quot;:&quot;yes&quot;}\" data-widget_type=\"video.default\">\n\t\t\t\t<div class=\"elementor-widget-container\">\n\t\t\t\t\t\t\t<div class=\"e-hosted-video elementor-wrapper elementor-open-inline\">\n\t\t\t\t\t<video class=\"elementor-video\" src=\"https:\/\/hofab.se\/wp-content\/uploads\/2024\/12\/IMG_4685-1.mp4\" autoplay=\"\" loop=\"\" controls=\"\" muted=\"muted\" playsinline=\"\" controlslist=\"nodownload\"><\/video>\n\t\t\t\t<\/div>\n\t\t\t\t\t\t<\/div>\n\t\t\t\t<\/div>\n\t\t\t\t\t<\/div>\n\t\t\t\t<\/div>\n\t\t\t\t<\/div>","protected":false},"excerpt":{"rendered":"<p>H\u00f6gskolefastigheter i J\u00f6nk\u00f6ping AB\u200b Vi&#8230;<\/p>","protected":false},"author":1,"featured_media":0,"parent":0,"menu_order":0,"comment_status":"closed","ping_status":"closed","template":"elementor_header_footer","meta":{"footnotes":""},"class_list":["post-2","page","type-page","status-publish","hentry"],"_links":{"self":[{"href":"https:\/\/hofab.se\/en\/wp-json\/wp\/v2\/pages\/2","targetHints":{"allow":["GET"]}}],"collection":[{"href":"https:\/\/hofab.se\/en\/wp-json\/wp\/v2\/pages"}],"about":[{"href":"https:\/\/hofab.se\/en\/wp-json\/wp\/v2\/types\/page"}],"author":[{"embeddable":true,"href":"https:\/\/hofab.se\/en\/wp-json\/wp\/v2\/users\/1"}],"replies":[{"embeddable":true,"href":"https:\/\/hofab.se\/en\/wp-json\/wp\/v2\/comments?post=2"}],"version-history":[{"count":5,"href":"https:\/\/hofab.se\/en\/wp-json\/wp\/v2\/pages\/2\/revisions"}],"predecessor-version":[{"id":3602,"href":"https:\/\/hofab.se\/en\/wp-json\/wp\/v2\/pages\/2\/revisions\/3602"}],"wp:attachment":[{"href":"https:\/\/hofab.se\/en\/wp-json\/wp\/v2\/media?parent=2"}],"curies":[{"name":"wp","href":"https:\/\/api.w.org\/{rel}","templated":true}]}}