{"id":1746,"date":"2024-09-02T20:18:10","date_gmt":"2024-09-02T18:18:10","guid":{"rendered":"http:\/\/hofab-web.hj.se\/?page_id=1746"},"modified":"2026-02-06T15:27:28","modified_gmt":"2026-02-06T13:27:28","slug":"miljo","status":"publish","type":"page","link":"https:\/\/hofab.se\/en\/miljo\/","title":{"rendered":"Environment"},"content":{"rendered":"<h1>Environment<\/h1>\n<p style=\"text-align: center;\">Vi \u00e4r en p\u00e5litlig och n\u00e4rvarande hyresv\u00e4rd som verkar f\u00f6r ett h\u00e5llbart och attraktivt Campus<\/p>\n<h2>H\u00d6FABs milj\u00f6arbete<\/h2>\n<p>Vi arbetar sedan 2007 med Milj\u00f6diplomering genom SUSA och har fr\u00e5n 2024 p\u00e5b\u00f6rjat arbetet med h\u00e5llbarhetsrapportering genom CSRD. Som en del i att minska H\u00d6FABs klimatavtryck har vi under m\u00e5nga \u00e5r arbetet med att minska energibehovet. Dels genom att trimma in v\u00e5rat fastighetssystem. Vi byter ocks\u00e5 ut gamla fl\u00e4ktar, installerar n\u00e4rvarostyrd belysning d\u00e4r det beh\u00f6vs, byter ut belysning till LED och g\u00f6r genom detta stora besparingar p\u00e5 b\u00e5de energi och ekonomi. En perfekt kombination med andra ord!\u00a0\u00a0<\/p>\n<p>Elen i v\u00e5ra fastigheter \u00e4r 100% fosilfri och kommer fr\u00e5n vattenkraft och\u00a0v\u00e5r solcellsanl\u00e4ggning. Vi v\u00e4rmer upp med fj\u00e4rrv\u00e4rme och kyler med vatten fr\u00e5n V\u00e4ttern. Ett arbetar med\u00a0att ut\u00f6ka antalet solceller p\u00e5 resterande fastigheter p\u00e5g\u00e5r men p\u00e5 grund av byggtekniska hinder har vi inte g\u00e5tt i m\u00e5l med det arbetet.\u00a0<\/p>\n<p>\t<a href=\"https:\/\/www.solarweb.com\/home\/GuestLogOn?pvSystemid=19d44207-bfa5-41c6-961f-b1373e0a9709\" target=\"_self\" style=\"color: #FFFFFF;background-color: #84C5AE;font-size: 12px;font-weight: 700;text-transform: uppercase;letter-spacing: 1px\"  ><br \/>\n\t    Liveinfo kring v\u00e5r solkraft\t<\/a><\/p>\n<h2 style=\"background-color: #ffffff; color: var( --e-global-color-primary ); line-height: 54px;\" data-elementor-setting-key=\"title\" data-pen-placeholder=\"Skriv h\u00e4r...\">Solkraft<\/h2>\n<h5><strong>F\u00f6rstudie av energik\u00e4llor<\/strong><\/h5>\n<h5><strong>Solpaneler Hus K<\/strong><\/h5>\n<p>https:\/\/hofab.se\/wp-content\/uploads\/2024\/12\/solovind.mp4<br \/>\n\t\t\t\t\t\t\t\t\t\t\t\t\t\t\t<img fetchpriority=\"high\" decoding=\"async\" width=\"640\" height=\"480\" src=\"https:\/\/hofab.se\/wp-content\/uploads\/2020\/04\/hofab_solkraft.jpg\" alt=\"\" srcset=\"https:\/\/hofab.se\/wp-content\/uploads\/2020\/04\/hofab_solkraft.jpg 640w, https:\/\/hofab.se\/wp-content\/uploads\/2020\/04\/hofab_solkraft-300x225.jpg 300w, https:\/\/hofab.se\/wp-content\/uploads\/2020\/04\/hofab_solkraft-16x12.jpg 16w\" sizes=\"(max-width: 640px) 100vw, 640px\" \/>\t\t\t\t\t\t\t\t\t\t\t\t\t\t\t<\/p>\n<p>Redan 2009 b\u00f6rjade vi experimentera med alternativa energik\u00e4llor. Ett mindre antal solpaneler och ett vertikalvindkraftverk fr\u00e5n Urban Green Energy monterades p\u00e5 JTH:s tak. Slutsatsen blev att solpaneler gav b\u00e4ttre resultat \u00e4n sm\u00e5 vertikala vindkraftverk.\u00a0<\/p>\n<p>N\u00e4r vi byggde hus K (2019) best\u00e4mdes det i ett tidigt skede att huset skulle ha solpaneler p\u00e5 taket. Installerad effekt 65,07kWh. Solcellerna t\u00e4cker 398m2 takyta. Panelerna lutar 6 grader. Azimut 18 grader, 108 grader och -72 grader. Ber\u00e4knad produktion p\u00e5 \u00e5rsbasis 53.000kWh.<\/p>\n<h2>CSRD<\/h2>\n<p>D\u00e5 H\u00d6FAB ing\u00e5r i J\u00f6nk\u00f6pings R\u00e5dhus AB koncern beh\u00f6ver vi rapportera genom CSRD som st\u00e5r f\u00f6r <strong>Corporate Sustainability Reporting Directive<\/strong>. Det \u00e4r ett nytt EU-direktiv som ers\u00e4tter dagens NFRD (Non-Financial Reporting Directive). M\u00e5let med CSRD \u00e4r att h\u00f6ja kvaliteten p\u00e5 h\u00e5llbarhetsinformation genom att st\u00e4lla krav p\u00e5 h\u00f6g kvalitet, j\u00e4mf\u00f6rbarhet och transparens. Direktivet kommer att omfatta fler f\u00f6retag \u00e4n tidigare och inkluderar d\u00e4rmed fler bolag under obligatorisk h\u00e5llbarhetsrapportering.\u00a0Med program f\u00f6r h\u00e5llbarhet kan J\u00f6nk\u00f6pings kommun arbeta f\u00f6r att varje medborgare i J\u00f6nk\u00f6pings kommun f\u00e5r ett gott liv med goda livsvillkor, idag och fram\u00e5t.\u00a0<\/p>\n<h2>Milj\u00f6diplomering SUSA<\/h2>\n<ul>\n<li>\n\t\t\t\t\t\t\t\t\t\t\t<a href=\"https:\/\/hofab.se\/wp-content\/uploads\/2022\/11\/Miljopolicy-20221020.pdf\"><br \/>\n\t\t\t\t\t\t\t<svg aria-hidden=\"true\" viewbox=\"0 0 512 512\" xmlns=\"http:\/\/www.w3.org\/2000\/svg\"><path d=\"M504 256c0 136.967-111.033 248-248 248S8 392.967 8 256 119.033 8 256 8s248 111.033 248 248zM227.314 387.314l184-184c6.248-6.248 6.248-16.379 0-22.627l-22.627-22.627c-6.248-6.249-16.379-6.249-22.628 0L216 308.118l-70.059-70.059c-6.248-6.248-16.379-6.248-22.628 0l-22.627 22.627c-6.248 6.248-6.248 16.379 0 22.627l104 104c6.249 6.249 16.379 6.249 22.628.001z\"><\/path><\/svg><br \/>\n\t\t\t\t\t\t\t\t\t\tH\u00d6FABs milj\u00f6policy<br \/>\n\t\t\t\t\t\t\t\t\t\t\t<\/a>\n\t\t\t\t\t\t\t\t\t<\/li>\n<li>\n\t\t\t\t\t\t\t\t\t\t\t<a href=\"https:\/\/hofab.se\/wp-content\/uploads\/2020\/04\/hofab_resepolicy.pdf\"><br \/>\n\t\t\t\t\t\t\t<svg aria-hidden=\"true\" viewbox=\"0 0 512 512\" xmlns=\"http:\/\/www.w3.org\/2000\/svg\"><path d=\"M504 256c0 136.967-111.033 248-248 248S8 392.967 8 256 119.033 8 256 8s248 111.033 248 248zM227.314 387.314l184-184c6.248-6.248 6.248-16.379 0-22.627l-22.627-22.627c-6.248-6.249-16.379-6.249-22.628 0L216 308.118l-70.059-70.059c-6.248-6.248-16.379-6.248-22.628 0l-22.627 22.627c-6.248 6.248-6.248 16.379 0 22.627l104 104c6.249 6.249 16.379 6.249 22.628.001z\"><\/path><\/svg><br \/>\n\t\t\t\t\t\t\t\t\t\tH\u00d6FABs resepolicy<br \/>\n\t\t\t\t\t\t\t\t\t\t\t<\/a>\n\t\t\t\t\t\t\t\t\t<\/li>\n<li>\n\t\t\t\t\t\t\t\t\t\t\t<a href=\"https:\/\/hofab.se\/wp-content\/uploads\/2020\/04\/hofab_inkopspolicy.pdf\"><br \/>\n\t\t\t\t\t\t\t<svg aria-hidden=\"true\" viewbox=\"0 0 512 512\" xmlns=\"http:\/\/www.w3.org\/2000\/svg\"><path d=\"M504 256c0 136.967-111.033 248-248 248S8 392.967 8 256 119.033 8 256 8s248 111.033 248 248zM227.314 387.314l184-184c6.248-6.248 6.248-16.379 0-22.627l-22.627-22.627c-6.248-6.249-16.379-6.249-22.628 0L216 308.118l-70.059-70.059c-6.248-6.248-16.379-6.248-22.628 0l-22.627 22.627c-6.248 6.248-6.248 16.379 0 22.627l104 104c6.249 6.249 16.379 6.249 22.628.001z\"><\/path><\/svg><br \/>\n\t\t\t\t\t\t\t\t\t\tH\u00d6FABs ink\u00f6pspolicy<br \/>\n\t\t\t\t\t\t\t\t\t\t\t<\/a>\n\t\t\t\t\t\t\t\t\t<\/li>\n<li>\n\t\t\t\t\t\t\t\t\t\t\t<a href=\"https:\/\/hofab.se\/wp-content\/uploads\/2025\/09\/Miljoberattelse-2024.pdf\"><br \/>\n\t\t\t\t\t\t\t<svg aria-hidden=\"true\" viewbox=\"0 0 512 512\" xmlns=\"http:\/\/www.w3.org\/2000\/svg\"><path d=\"M504 256c0 136.967-111.033 248-248 248S8 392.967 8 256 119.033 8 256 8s248 111.033 248 248zM227.314 387.314l184-184c6.248-6.248 6.248-16.379 0-22.627l-22.627-22.627c-6.248-6.249-16.379-6.249-22.628 0L216 308.118l-70.059-70.059c-6.248-6.248-16.379-6.248-22.628 0l-22.627 22.627c-6.248 6.248-6.248 16.379 0 22.627l104 104c6.249 6.249 16.379 6.249 22.628.001z\"><\/path><\/svg><br \/>\n\t\t\t\t\t\t\t\t\t\tH\u00d6FABs milj\u00f6ber\u00e4ttelse<br \/>\n\t\t\t\t\t\t\t\t\t\t\t<\/a>\n\t\t\t\t\t\t\t\t\t<\/li>\n<\/ul>\n<p>\t\t\t\t\t\t\t\t\t\t\t\t\t\t\t\t<a href=\"https:\/\/susa.nu\/\"><br \/>\n\t\t\t\t\t\t\t<img decoding=\"async\" width=\"300\" height=\"276\" data-src=\"https:\/\/hofab.se\/wp-content\/uploads\/2024\/09\/logo-susa-black.png\" alt=\"\" data-srcset=\"https:\/\/hofab.se\/wp-content\/uploads\/2024\/09\/logo-susa-black.png 300w, https:\/\/hofab.se\/wp-content\/uploads\/2024\/09\/logo-susa-black-13x12.png 13w\" data-sizes=\"(max-width: 300px) 100vw, 300px\" src=\"data:image\/gif;base64,R0lGODlhAQABAAAAACH5BAEKAAEALAAAAAABAAEAAAICTAEAOw==\" class=\"lazyload\" style=\"--smush-placeholder-width: 300px; --smush-placeholder-aspect-ratio: 300\/276;\" \/><noscript><img decoding=\"async\" width=\"300\" height=\"276\" src=\"https:\/\/hofab.se\/wp-content\/uploads\/2024\/09\/logo-susa-black.png\" alt=\"\" srcset=\"https:\/\/hofab.se\/wp-content\/uploads\/2024\/09\/logo-susa-black.png 300w, https:\/\/hofab.se\/wp-content\/uploads\/2024\/09\/logo-susa-black-13x12.png 13w\" sizes=\"(max-width: 300px) 100vw, 300px\" \/><\/noscript>\t\t\t\t\t\t\t\t<\/a><\/p>\n<p>Den 16 April 2007 milj\u00f6diplomerades H\u00d6FAB f\u00f6r f\u00f6rsta g\u00e5ngen och har sedan dess varje \u00e5r omdiplomerat sig. Idag arbetar vi med diplomering genom\u00a0Sustainable Standards (SUSA) vilket \u00e4r en ideell f\u00f6rening vars vision \u00e4r standarder f\u00f6r en h\u00e5llbar framtid.<\/p>\n<p style=\"margin-top: 0.5em; margin-bottom: 1em; color: #202122; font-family: sans-serif; background-color: #ffffff;\">SUSA erbjuder de kvalitetss\u00e4krade standarderna f\u00f6r milj\u00f6ledning, kvalitetsledning, systematiskt h\u00e5llbarhetsarbete och h\u00e5llbarhetsanpassat event.<\/p>\n<p style=\"margin-top: 0.5em; margin-bottom: 1em; color: #202122; font-family: sans-serif; background-color: #ffffff;\">Medlemmarna i SUSA best\u00e5r av s\u00e5v\u00e4l kommuner som privata akt\u00f6rer.<\/p>\n<p style=\"margin-top: 0.5em; margin-bottom: 1em; color: #202122; font-family: sans-serif; background-color: #ffffff;\">De utf\u00e4rdarorganisationer som \u00e4r anslutna till f\u00f6reningen kan ha olika metoder f\u00f6r st\u00f6d till implementering av milj\u00f6ledningssystem och diplomering av en organisation. Skallkraven f\u00f6r inneh\u00e5ll och drift av ledningssystemet \u00e4r dock standardiserad och s\u00e4kerst\u00e4lls genom revision av s\u00e5v\u00e4l milj\u00f6dokumentation som faktiska milj\u00f6\u00e5tg\u00e4rder genom av SMB godk\u00e4nd milj\u00f6revisor.<\/p>\n<p style=\"margin-top: 0.5em; margin-bottom: 1em; color: #202122; font-family: sans-serif; background-color: #ffffff;\">SUSA:s syfte och uppgift<\/p>\n<ul style=\"margin-top: 0.3em; margin-left: 1.6em; margin-inline-start: 1.6em; color: #202122; font-family: sans-serif; background-color: #ffffff;\">\n<li style=\"margin-bottom: 0.1em;\">Verka f\u00f6r en h\u00e5llbar utveckling i kommersiella, offentliga och ideella verksamheter<\/li>\n<li style=\"margin-bottom: 0.1em;\">S\u00e4kerst\u00e4lla h\u00f6g kvalitet och kompetens i f\u00f6reningens verksamhet<\/li>\n<li style=\"margin-bottom: 0.1em;\">Tillhandah\u00e5lla, utveckla och synligg\u00f6ra f\u00f6reningens standarder och verktyg<\/li>\n<li style=\"margin-bottom: 0.1em;\">Verka f\u00f6r h\u00f6g trov\u00e4rdighet hos f\u00f6reningens intressenter<\/li>\n<li style=\"margin-bottom: 0.1em;\">Verka f\u00f6r att organisationer ansluter sig till f\u00f6reningen<\/li>\n<li style=\"margin-bottom: 0.1em;\">F\u00f6lja utvecklingen inom f\u00f6reningens intresseomr\u00e5den nationellt och internationell<\/li>\n<\/ul>\n<p>\u00a0<\/p>\n<p>Har du id\u00e9er om f\u00f6rb\u00e4ttringsarbeten g\u00e4llande milj\u00f6 som vi p\u00e5 H\u00d6FAB\u00a0skulle kunna arbeta med?<\/p>\n<p>\t<a href=\"mailto:hofab@hofab.se?subject=Milj%C3%B6f%C3%B6rb%C3%A4ttring&#038;body=F%C3%B6rslag%20om%20milj%C3%B6f%C3%B6rb%C3%A4ttringsarbete:\" target=\"_self\" style=\"color: #FFFFFF;background-color: #84C5AE;font-size: 12px;font-weight: 700;text-transform: uppercase;letter-spacing: 1px\"  ><br \/>\n\t    Mail oss f\u00f6rslag till milj\u00f6f\u00f6rb\u00e4ttringsarbeten.\t<\/a><\/p>\n<h2>Program f\u00f6r h\u00e5llbarhet i<br \/>\nJ\u00f6nk\u00f6pings kommun<\/h2>\n<p>H\u00d6FAB arbetar ocks\u00e5 med &#8221;Program f\u00f6r h\u00e5llbarhet i J\u00f6nk\u00f6pings kommun&#8221; vilket \u00e4r ett steg f\u00f6r att skapa ett h\u00e5llbart samh\u00e4lle och en h\u00e5llbar kommun. Program f\u00f6r h\u00e5llbarhet g\u00e5r hand i hand med J\u00f6nk\u00f6pings Vision 2030 och Gemensam v\u00e4rdegrund och styrande principer f\u00f6r m\u00e4nskliga r\u00e4ttigheter. Programmet skapar en \u00f6verblick \u00f6ver h\u00e5llbarhetens olika delar, vilka globala, nationella och lokala utmaningar som finns. Implementeringen av programmet kommer att ske genom principerna f\u00f6r kommunens styrning.\u00a0<\/p>\n<p>Med program f\u00f6r h\u00e5llbarhet kan J\u00f6nk\u00f6pings kommun arbeta f\u00f6r att varje medborgare i J\u00f6nk\u00f6pings kommun f\u00e5r ett gott liv med goda livsvillkor, idag och fram\u00e5t.\u00a0<\/p>\n<p>\t\t\t\t\t\t\t\t\t\t\t\t\t\t\t<img decoding=\"async\" width=\"820\" height=\"325\" data-src=\"https:\/\/hofab.se\/wp-content\/uploads\/2024\/12\/Agenda-2030-bild.png\" alt=\"\" data-srcset=\"https:\/\/hofab.se\/wp-content\/uploads\/2024\/12\/Agenda-2030-bild.png 820w, https:\/\/hofab.se\/wp-content\/smush-webp\/2024\/12\/Agenda-2030-bild-300x119.png.webp 300w, https:\/\/hofab.se\/wp-content\/smush-webp\/2024\/12\/Agenda-2030-bild-768x304.png.webp 768w, https:\/\/hofab.se\/wp-content\/smush-webp\/2024\/12\/Agenda-2030-bild-18x7.png.webp 18w, https:\/\/hofab.se\/wp-content\/smush-webp\/2024\/12\/Agenda-2030-bild-700x277.png.webp 700w\" data-sizes=\"(max-width: 820px) 100vw, 820px\" src=\"data:image\/gif;base64,R0lGODlhAQABAAAAACH5BAEKAAEALAAAAAABAAEAAAICTAEAOw==\" class=\"lazyload\" style=\"--smush-placeholder-width: 820px; --smush-placeholder-aspect-ratio: 820\/325;\" \/><noscript><img decoding=\"async\" width=\"820\" height=\"325\" src=\"https:\/\/hofab.se\/wp-content\/uploads\/2024\/12\/Agenda-2030-bild.png\" alt=\"\" srcset=\"https:\/\/hofab.se\/wp-content\/uploads\/2024\/12\/Agenda-2030-bild.png 820w, https:\/\/hofab.se\/wp-content\/uploads\/2024\/12\/Agenda-2030-bild-300x119.png 300w, https:\/\/hofab.se\/wp-content\/uploads\/2024\/12\/Agenda-2030-bild-768x304.png 768w, https:\/\/hofab.se\/wp-content\/uploads\/2024\/12\/Agenda-2030-bild-18x7.png 18w, https:\/\/hofab.se\/wp-content\/uploads\/2024\/12\/Agenda-2030-bild-700x277.png 700w\" sizes=\"(max-width: 820px) 100vw, 820px\" \/><\/noscript><br \/>\n\t<a href=\"https:\/\/www.jonkoping.se\/download\/18.6751acba183a2e89e794ecfe\/1666359577980\/Program%20f%C3%B6r%20h%C3%A5llbarhet%20i%20J%C3%B6nk%C3%B6pings%20kommun%202022-2030.pdf\" target=\"_self\" style=\"color: #FFFFFF;background-color: #84C5AE;font-size: 12px;font-weight: 700;text-transform: uppercase;letter-spacing: 1px\"  ><br \/>\n\t    Program f\u00f6r h\u00e5llbarhet i J\u00f6nk\u00f6pings kommun 2022-2030\t<\/a><\/p>\n<h2>F\u00f6rbrukningsredovisning<\/h2>\n<p>Sedan v\u00e5ren 2010 d\u00e5 vi sj\u00f6satte v\u00e5r stora uppgradering av v\u00e5r styr och \u00f6vervakningsanl\u00e4ggning, har vi sparat stora m\u00e4ngder av energi. 2009 var sista \u00e5ret med den gamla anl\u00e4ggningen och de gamla parametrarna som best\u00e4mde hur anl\u00e4ggningen skulle fungera. Sedan 2009 har vi s\u00e4nkt v\u00e5r energif\u00f6rbrukning med ett medel \u00f6ver 3000 MWh \u00e5rligen.\u00a0<\/p>\n<p>\t\t\t\t\t\t\t\t\t\t\t\t\t\t\t<img loading=\"lazy\" decoding=\"async\" width=\"706\" height=\"518\" data-src=\"https:\/\/hofab.se\/wp-content\/uploads\/2026\/02\/total-energiforbrukning.png\" alt=\"\" data-srcset=\"https:\/\/hofab.se\/wp-content\/uploads\/2026\/02\/total-energiforbrukning.png 706w, https:\/\/hofab.se\/wp-content\/smush-webp\/2026\/02\/total-energiforbrukning-300x220.png.webp 300w, https:\/\/hofab.se\/wp-content\/smush-webp\/2026\/02\/total-energiforbrukning-16x12.png.webp 16w, https:\/\/hofab.se\/wp-content\/smush-webp\/2026\/02\/total-energiforbrukning-700x514.png.webp 700w\" data-sizes=\"(max-width: 706px) 100vw, 706px\" src=\"data:image\/gif;base64,R0lGODlhAQABAAAAACH5BAEKAAEALAAAAAABAAEAAAICTAEAOw==\" class=\"lazyload\" style=\"--smush-placeholder-width: 706px; --smush-placeholder-aspect-ratio: 706\/518;\" \/><noscript><img loading=\"lazy\" decoding=\"async\" width=\"706\" height=\"518\" src=\"https:\/\/hofab.se\/wp-content\/uploads\/2026\/02\/total-energiforbrukning.png\" alt=\"\" srcset=\"https:\/\/hofab.se\/wp-content\/uploads\/2026\/02\/total-energiforbrukning.png 706w, https:\/\/hofab.se\/wp-content\/uploads\/2026\/02\/total-energiforbrukning-300x220.png 300w, https:\/\/hofab.se\/wp-content\/uploads\/2026\/02\/total-energiforbrukning-16x12.png 16w, https:\/\/hofab.se\/wp-content\/uploads\/2026\/02\/total-energiforbrukning-700x514.png 700w\" sizes=\"(max-width: 706px) 100vw, 706px\" \/><\/noscript>\t\t\t\t\t\t\t\t\t\t\t\t\t\t\t<\/p>\n<p><b>H\u00f6fab energif\u00f6rbrukning<\/b>&nbsp;2010-2024<o:p><\/o:p><\/p>\n<p>F\u00f6r\u00e4ndringar i f\u00f6rbrukning<o:p><\/o:p><\/p>\n<p style=\"margin-top: 0pt; margin-bottom: 0pt; margin-left: 0in; direction: ltr; unicode-bidi: embed; word-break: normal;\">\n<ul style=\"margin-top:0cm\" type=\"disc\">\n<li>2014 Campus Arena <o:p><\/o:p><\/li>\n<li>2019 Hus K<o:p><\/o:p><\/li>\n<li>2020 Covid pandemi<o:p><\/o:p><\/li>\n<\/ul>\n<ul>\n<\/ul>","protected":false},"excerpt":{"rendered":"<p>Milj\u00f6 Vi \u00e4r en p\u00e5litlig&#8230;<\/p>","protected":false},"author":1,"featured_media":0,"parent":0,"menu_order":0,"comment_status":"closed","ping_status":"closed","template":"elementor_header_footer","meta":{"footnotes":""},"class_list":["post-1746","page","type-page","status-publish","hentry"],"_links":{"self":[{"href":"https:\/\/hofab.se\/en\/wp-json\/wp\/v2\/pages\/1746","targetHints":{"allow":["GET"]}}],"collection":[{"href":"https:\/\/hofab.se\/en\/wp-json\/wp\/v2\/pages"}],"about":[{"href":"https:\/\/hofab.se\/en\/wp-json\/wp\/v2\/types\/page"}],"author":[{"embeddable":true,"href":"https:\/\/hofab.se\/en\/wp-json\/wp\/v2\/users\/1"}],"replies":[{"embeddable":true,"href":"https:\/\/hofab.se\/en\/wp-json\/wp\/v2\/comments?post=1746"}],"version-history":[{"count":14,"href":"https:\/\/hofab.se\/en\/wp-json\/wp\/v2\/pages\/1746\/revisions"}],"predecessor-version":[{"id":3901,"href":"https:\/\/hofab.se\/en\/wp-json\/wp\/v2\/pages\/1746\/revisions\/3901"}],"wp:attachment":[{"href":"https:\/\/hofab.se\/en\/wp-json\/wp\/v2\/media?parent=1746"}],"curies":[{"name":"wp","href":"https:\/\/api.w.org\/{rel}","templated":true}]}}